{"id":3954,"date":"2023-08-28T17:20:07","date_gmt":"2023-08-28T20:20:07","guid":{"rendered":"https:\/\/digigrow.com.br\/cases-copy\/"},"modified":"2023-08-29T11:19:33","modified_gmt":"2023-08-29T14:19:33","slug":"plataforma","status":"publish","type":"page","link":"https:\/\/digigrow.com.br\/en\/plataforma\/","title":{"rendered":"Plataforma"},"content":{"rendered":"<div data-elementor-type=\"wp-page\" data-elementor-id=\"3954\" class=\"elementor elementor-3954\">\n\t\t\t\t\t\t<section class=\"elementor-section elementor-top-section elementor-element elementor-element-7b937cb elementor-section-stretched elementor-section-boxed elementor-section-height-default elementor-section-height-default wpr-particle-no wpr-jarallax-no wpr-parallax-no wpr-sticky-section-no\" data-id=\"7b937cb\" data-element_type=\"section\" data-settings=\"{&quot;stretch_section&quot;:&quot;section-stretched&quot;,&quot;background_background&quot;:&quot;classic&quot;}\">\n\t\t\t\t\t\t<div class=\"elementor-container elementor-column-gap-default\">\n\t\t\t\t\t<div class=\"elementor-column elementor-col-100 elementor-top-column elementor-element elementor-element-f8181c8\" data-id=\"f8181c8\" data-element_type=\"column\">\n\t\t\t<div class=\"elementor-widget-wrap elementor-element-populated\">\n\t\t\t\t\t\t<div class=\"elementor-element elementor-element-80acd12 elementor-widget elementor-widget-text-editor\" data-id=\"80acd12\" data-element_type=\"widget\" data-widget_type=\"text-editor.default\">\n\t\t\t\t<div class=\"elementor-widget-container\">\n\t\t\t\t\t\t\tConhecendo<br>a plataforma\t\t\t\t\t\t<\/div>\n\t\t\t\t<\/div>\n\t\t\t\t\t<\/div>\n\t\t<\/div>\n\t\t\t\t\t<\/div>\n\t\t<\/section>\n\t\t\t\t<section class=\"elementor-section elementor-top-section elementor-element elementor-element-47ea173 elementor-section-boxed elementor-section-height-default elementor-section-height-default wpr-particle-no wpr-jarallax-no wpr-parallax-no wpr-sticky-section-no\" data-id=\"47ea173\" data-element_type=\"section\">\n\t\t\t\t\t\t<div class=\"elementor-container elementor-column-gap-default\">\n\t\t\t\t\t<div class=\"elementor-column elementor-col-100 elementor-top-column elementor-element elementor-element-8184f6b\" data-id=\"8184f6b\" data-element_type=\"column\">\n\t\t\t<div class=\"elementor-widget-wrap elementor-element-populated\">\n\t\t\t\t\t\t<div class=\"elementor-element elementor-element-c21cdfb elementor-widget elementor-widget-text-editor\" data-id=\"c21cdfb\" data-element_type=\"widget\" data-widget_type=\"text-editor.default\">\n\t\t\t\t<div class=\"elementor-widget-container\">\n\t\t\t\t\t\t\t<p>Veja como a nossa plataforma \u00e9 simples de f\u00e1cil de utilizar, seja por leigos ou pessoas que j\u00e1 possuem conhecimento t\u00e9cnico avan\u00e7ado. <\/p>\t\t\t\t\t\t<\/div>\n\t\t\t\t<\/div>\n\t\t\t\t<div class=\"elementor-element elementor-element-035d7c1 elementor-widget elementor-widget-video\" data-id=\"035d7c1\" data-element_type=\"widget\" data-settings=\"{&quot;youtube_url&quot;:&quot;https:\\\/\\\/youtu.be\\\/ZssKLtkPjv0&quot;,&quot;show_image_overlay&quot;:&quot;yes&quot;,&quot;image_overlay&quot;:{&quot;url&quot;:&quot;https:\\\/\\\/digigrow.com.br\\\/wp-content\\\/uploads\\\/2023\\\/08\\\/institucional_hub-Copiar-01.00_00_01_18.Still001.png&quot;,&quot;id&quot;:3960,&quot;size&quot;:&quot;&quot;,&quot;alt&quot;:&quot;&quot;,&quot;source&quot;:&quot;library&quot;},&quot;lightbox&quot;:&quot;yes&quot;,&quot;video_type&quot;:&quot;youtube&quot;,&quot;controls&quot;:&quot;yes&quot;}\" data-widget_type=\"video.default\">\n\t\t\t\t<div class=\"elementor-widget-container\">\n\t\t\t\t\t<div class=\"elementor-wrapper elementor-open-lightbox\">\n\t\t\t\t\t\t\t<div class=\"elementor-custom-embed-image-overlay\" data-elementor-open-lightbox=\"yes\" data-elementor-lightbox=\"{&quot;type&quot;:&quot;video&quot;,&quot;videoType&quot;:&quot;youtube&quot;,&quot;url&quot;:&quot;https:\\\/\\\/www.youtube.com\\\/embed\\\/ZssKLtkPjv0?feature=oembed&amp;start&amp;end&amp;wmode=opaque&amp;loop=0&amp;controls=1&amp;mute=0&amp;rel=0&amp;modestbranding=0&quot;,&quot;autoplay&quot;:&quot;&quot;,&quot;modalOptions&quot;:{&quot;id&quot;:&quot;elementor-lightbox-035d7c1&quot;,&quot;entranceAnimation&quot;:&quot;&quot;,&quot;entranceAnimation_tablet&quot;:&quot;&quot;,&quot;entranceAnimation_mobile&quot;:&quot;&quot;,&quot;videoAspectRatio&quot;:&quot;169&quot;}}\" data-e-action-hash=\"#elementor-action%3Aaction%3Dlightbox%26settings%3DeyJ0eXBlIjoidmlkZW8iLCJ2aWRlb1R5cGUiOiJ5b3V0dWJlIiwidXJsIjoiaHR0cHM6XC9cL3d3dy55b3V0dWJlLmNvbVwvZW1iZWRcL1pzc0tMdGtQanYwP2ZlYXR1cmU9b2VtYmVkJnN0YXJ0JmVuZCZ3bW9kZT1vcGFxdWUmbG9vcD0wJmNvbnRyb2xzPTEmbXV0ZT0wJnJlbD0wJm1vZGVzdGJyYW5kaW5nPTAiLCJhdXRvcGxheSI6IiIsIm1vZGFsT3B0aW9ucyI6eyJpZCI6ImVsZW1lbnRvci1saWdodGJveC0wMzVkN2MxIiwiZW50cmFuY2VBbmltYXRpb24iOiIiLCJlbnRyYW5jZUFuaW1hdGlvbl90YWJsZXQiOiIiLCJlbnRyYW5jZUFuaW1hdGlvbl9tb2JpbGUiOiIiLCJ2aWRlb0FzcGVjdFJhdGlvIjoiMTY5In19\">\n\t\t\t\t\t\t\t\t\t\t\t<img fetchpriority=\"high\" decoding=\"async\" width=\"1920\" height=\"1080\" src=\"https:\/\/digigrow.com.br\/wp-content\/uploads\/2023\/08\/institucional_hub-Copiar-01.00_00_01_18.Still001.png\" class=\"attachment-full size-full wp-image-3960\" alt=\"\" srcset=\"https:\/\/digigrow.com.br\/wp-content\/uploads\/2023\/08\/institucional_hub-Copiar-01.00_00_01_18.Still001.png 1920w, https:\/\/digigrow.com.br\/wp-content\/uploads\/2023\/08\/institucional_hub-Copiar-01.00_00_01_18.Still001-300x169.png 300w, https:\/\/digigrow.com.br\/wp-content\/uploads\/2023\/08\/institucional_hub-Copiar-01.00_00_01_18.Still001-1024x576.png 1024w, https:\/\/digigrow.com.br\/wp-content\/uploads\/2023\/08\/institucional_hub-Copiar-01.00_00_01_18.Still001-768x432.png 768w, https:\/\/digigrow.com.br\/wp-content\/uploads\/2023\/08\/institucional_hub-Copiar-01.00_00_01_18.Still001-1536x864.png 1536w, https:\/\/digigrow.com.br\/wp-content\/uploads\/2023\/08\/institucional_hub-Copiar-01.00_00_01_18.Still001-18x10.png 18w, https:\/\/digigrow.com.br\/wp-content\/uploads\/2023\/08\/institucional_hub-Copiar-01.00_00_01_18.Still001-980x551.png 980w\" sizes=\"(max-width: 1920px) 100vw, 1920px\" \/>\t\t\t\t\t\t\t\t\t\t\t\t\t\t\t\t<div class=\"elementor-custom-embed-play\" role=\"button\" aria-label=\"Play Video\" tabindex=\"0\">\n\t\t\t\t\t\t\t<i aria-hidden=\"true\" class=\"eicon-play\"><\/i>\t\t\t\t\t\t\t<span class=\"elementor-screen-only\">Play Video<\/span>\n\t\t\t\t\t\t<\/div>\n\t\t\t\t\t\t\t\t\t<\/div>\n\t\t\t\t\t<\/div>\n\t\t\t\t<\/div>\n\t\t\t\t<\/div>\n\t\t\t\t\t<\/div>\n\t\t<\/div>\n\t\t\t\t\t<\/div>\n\t\t<\/section>\n\t\t\t\t<\/div>","protected":false},"excerpt":{"rendered":"<p>Conhecendoa plataforma Veja como a nossa plataforma \u00e9 simples de f\u00e1cil de utilizar, seja por leigos ou pessoas que j\u00e1 possuem conhecimento t\u00e9cnico avan\u00e7ado. https:\/\/youtu.be\/ZssKLtkPjv0<\/p>","protected":false},"author":1,"featured_media":0,"parent":0,"menu_order":0,"comment_status":"closed","ping_status":"closed","template":"","meta":{"footnotes":""},"class_list":["post-3954","page","type-page","status-publish","hentry"],"yoast_head":"<!-- This site is optimized with the Yoast SEO plugin v23.9 - https:\/\/yoast.com\/wordpress\/plugins\/seo\/ -->\n<title>Plataforma - Digigrow<\/title>\n<meta name=\"description\" content=\"Houston, we have the SOLUTION!.Solu\u00e7\u00e3o em Full Service! Pronto para fazer o seu neg\u00f3cio decolar \ud83d\ude80\" \/>\n<meta name=\"robots\" content=\"index, follow, max-snippet:-1, max-image-preview:large, max-video-preview:-1\" \/>\n<link rel=\"canonical\" href=\"https:\/\/digigrow.com.br\/en\/plataforma\/\" \/>\n<meta property=\"og:locale\" content=\"en_US\" \/>\n<meta property=\"og:type\" content=\"article\" \/>\n<meta property=\"og:title\" content=\"Plataforma - Digigrow\" \/>\n<meta property=\"og:description\" content=\"Houston, we have the SOLUTION!.Solu\u00e7\u00e3o em Full Service! Pronto para fazer o seu neg\u00f3cio decolar \ud83d\ude80\" \/>\n<meta property=\"og:url\" content=\"https:\/\/digigrow.com.br\/en\/plataforma\/\" \/>\n<meta property=\"og:site_name\" content=\"Digigrow\" \/>\n<meta property=\"article:publisher\" content=\"https:\/\/www.facebook.com\/digigrow.br\/\" \/>\n<meta property=\"article:modified_time\" content=\"2023-08-29T14:19:33+00:00\" \/>\n<meta name=\"twitter:card\" content=\"summary_large_image\" \/>\n<meta name=\"twitter:label1\" content=\"Est. reading time\" \/>\n\t<meta name=\"twitter:data1\" content=\"1 minute\" \/>\n<script type=\"application\/ld+json\" class=\"yoast-schema-graph\">{\"@context\":\"https:\/\/schema.org\",\"@graph\":[{\"@type\":\"WebPage\",\"@id\":\"https:\/\/digigrow.com.br\/plataforma\/\",\"url\":\"https:\/\/digigrow.com.br\/plataforma\/\",\"name\":\"Plataforma - Digigrow\",\"isPartOf\":{\"@id\":\"https:\/\/digigrow.com.br\/#website\"},\"datePublished\":\"2023-08-28T20:20:07+00:00\",\"dateModified\":\"2023-08-29T14:19:33+00:00\",\"description\":\"Houston, we have the SOLUTION!.Solu\u00e7\u00e3o em Full Service! Pronto para fazer o seu neg\u00f3cio decolar \ud83d\ude80\",\"breadcrumb\":{\"@id\":\"https:\/\/digigrow.com.br\/plataforma\/#breadcrumb\"},\"inLanguage\":\"en-US\",\"potentialAction\":[{\"@type\":\"ReadAction\",\"target\":[\"https:\/\/digigrow.com.br\/plataforma\/\"]}]},{\"@type\":\"BreadcrumbList\",\"@id\":\"https:\/\/digigrow.com.br\/plataforma\/#breadcrumb\",\"itemListElement\":[{\"@type\":\"ListItem\",\"position\":1,\"name\":\"In\u00edcio\",\"item\":\"https:\/\/digigrow.com.br\/\"},{\"@type\":\"ListItem\",\"position\":2,\"name\":\"Plataforma\"}]},{\"@type\":\"WebSite\",\"@id\":\"https:\/\/digigrow.com.br\/#website\",\"url\":\"https:\/\/digigrow.com.br\/\",\"name\":\"Digigrow\",\"description\":\"Venda mais na internet\",\"publisher\":{\"@id\":\"https:\/\/digigrow.com.br\/#organization\"},\"potentialAction\":[{\"@type\":\"SearchAction\",\"target\":{\"@type\":\"EntryPoint\",\"urlTemplate\":\"https:\/\/digigrow.com.br\/?s={search_term_string}\"},\"query-input\":{\"@type\":\"PropertyValueSpecification\",\"valueRequired\":true,\"valueName\":\"search_term_string\"}}],\"inLanguage\":\"en-US\"},{\"@type\":\"Organization\",\"@id\":\"https:\/\/digigrow.com.br\/#organization\",\"name\":\"Digigrow - Solu\u00e7\u00f5es em Full Ecommerce\",\"url\":\"https:\/\/digigrow.com.br\/\",\"logo\":{\"@type\":\"ImageObject\",\"inLanguage\":\"en-US\",\"@id\":\"https:\/\/digigrow.com.br\/#\/schema\/logo\/image\/\",\"url\":\"https:\/\/i1.wp.com\/digigrow.com.br\/wp-content\/uploads\/2020\/02\/logo.png?fit=1080%2C1080&ssl=1\",\"contentUrl\":\"https:\/\/i1.wp.com\/digigrow.com.br\/wp-content\/uploads\/2020\/02\/logo.png?fit=1080%2C1080&ssl=1\",\"width\":1080,\"height\":1080,\"caption\":\"Digigrow - Solu\u00e7\u00f5es em Full Ecommerce\"},\"image\":{\"@id\":\"https:\/\/digigrow.com.br\/#\/schema\/logo\/image\/\"},\"sameAs\":[\"https:\/\/www.facebook.com\/digigrow.br\/\",\"https:\/\/www.instagram.com\/digigrow.br\/\",\"https:\/\/www.linkedin.com\/company\/digigrowbr\/\"]}]}<\/script>\n<!-- \/ Yoast SEO plugin. -->","yoast_head_json":{"title":"Plataforma - Digigrow","description":"Houston, we have the SOLUTION!.Solu\u00e7\u00e3o em Full Service! Pronto para fazer o seu neg\u00f3cio decolar \ud83d\ude80","robots":{"index":"index","follow":"follow","max-snippet":"max-snippet:-1","max-image-preview":"max-image-preview:large","max-video-preview":"max-video-preview:-1"},"canonical":"https:\/\/digigrow.com.br\/en\/plataforma\/","og_locale":"en_US","og_type":"article","og_title":"Plataforma - Digigrow","og_description":"Houston, we have the SOLUTION!.Solu\u00e7\u00e3o em Full Service! Pronto para fazer o seu neg\u00f3cio decolar \ud83d\ude80","og_url":"https:\/\/digigrow.com.br\/en\/plataforma\/","og_site_name":"Digigrow","article_publisher":"https:\/\/www.facebook.com\/digigrow.br\/","article_modified_time":"2023-08-29T14:19:33+00:00","twitter_card":"summary_large_image","twitter_misc":{"Est. reading time":"1 minute"},"schema":{"@context":"https:\/\/schema.org","@graph":[{"@type":"WebPage","@id":"https:\/\/digigrow.com.br\/plataforma\/","url":"https:\/\/digigrow.com.br\/plataforma\/","name":"Plataforma - Digigrow","isPartOf":{"@id":"https:\/\/digigrow.com.br\/#website"},"datePublished":"2023-08-28T20:20:07+00:00","dateModified":"2023-08-29T14:19:33+00:00","description":"Houston, we have the SOLUTION!.Solu\u00e7\u00e3o em Full Service! Pronto para fazer o seu neg\u00f3cio decolar \ud83d\ude80","breadcrumb":{"@id":"https:\/\/digigrow.com.br\/plataforma\/#breadcrumb"},"inLanguage":"en-US","potentialAction":[{"@type":"ReadAction","target":["https:\/\/digigrow.com.br\/plataforma\/"]}]},{"@type":"BreadcrumbList","@id":"https:\/\/digigrow.com.br\/plataforma\/#breadcrumb","itemListElement":[{"@type":"ListItem","position":1,"name":"In\u00edcio","item":"https:\/\/digigrow.com.br\/"},{"@type":"ListItem","position":2,"name":"Plataforma"}]},{"@type":"WebSite","@id":"https:\/\/digigrow.com.br\/#website","url":"https:\/\/digigrow.com.br\/","name":"Digigrow","description":"Venda mais na internet","publisher":{"@id":"https:\/\/digigrow.com.br\/#organization"},"potentialAction":[{"@type":"SearchAction","target":{"@type":"EntryPoint","urlTemplate":"https:\/\/digigrow.com.br\/?s={search_term_string}"},"query-input":{"@type":"PropertyValueSpecification","valueRequired":true,"valueName":"search_term_string"}}],"inLanguage":"en-US"},{"@type":"Organization","@id":"https:\/\/digigrow.com.br\/#organization","name":"Digigrow - Solu\u00e7\u00f5es em Full Ecommerce","url":"https:\/\/digigrow.com.br\/","logo":{"@type":"ImageObject","inLanguage":"en-US","@id":"https:\/\/digigrow.com.br\/#\/schema\/logo\/image\/","url":"https:\/\/i1.wp.com\/digigrow.com.br\/wp-content\/uploads\/2020\/02\/logo.png?fit=1080%2C1080&ssl=1","contentUrl":"https:\/\/i1.wp.com\/digigrow.com.br\/wp-content\/uploads\/2020\/02\/logo.png?fit=1080%2C1080&ssl=1","width":1080,"height":1080,"caption":"Digigrow - Solu\u00e7\u00f5es em Full Ecommerce"},"image":{"@id":"https:\/\/digigrow.com.br\/#\/schema\/logo\/image\/"},"sameAs":["https:\/\/www.facebook.com\/digigrow.br\/","https:\/\/www.instagram.com\/digigrow.br\/","https:\/\/www.linkedin.com\/company\/digigrowbr\/"]}]}},"_links":{"self":[{"href":"https:\/\/digigrow.com.br\/en\/wp-json\/wp\/v2\/pages\/3954","targetHints":{"allow":["GET"]}}],"collection":[{"href":"https:\/\/digigrow.com.br\/en\/wp-json\/wp\/v2\/pages"}],"about":[{"href":"https:\/\/digigrow.com.br\/en\/wp-json\/wp\/v2\/types\/page"}],"author":[{"embeddable":true,"href":"https:\/\/digigrow.com.br\/en\/wp-json\/wp\/v2\/users\/1"}],"replies":[{"embeddable":true,"href":"https:\/\/digigrow.com.br\/en\/wp-json\/wp\/v2\/comments?post=3954"}],"version-history":[{"count":13,"href":"https:\/\/digigrow.com.br\/en\/wp-json\/wp\/v2\/pages\/3954\/revisions"}],"predecessor-version":[{"id":4065,"href":"https:\/\/digigrow.com.br\/en\/wp-json\/wp\/v2\/pages\/3954\/revisions\/4065"}],"wp:attachment":[{"href":"https:\/\/digigrow.com.br\/en\/wp-json\/wp\/v2\/media?parent=3954"}],"curies":[{"name":"wp","href":"https:\/\/api.w.org\/{rel}","templated":true}]}}