{"id":3899,"date":"2023-08-28T13:18:16","date_gmt":"2023-08-28T16:18:16","guid":{"rendered":"https:\/\/digigrow.com.br\/cases-copy\/"},"modified":"2025-02-12T15:12:26","modified_gmt":"2025-02-12T18:12:26","slug":"quem-somos","status":"publish","type":"page","link":"https:\/\/digigrow.com.br\/en\/quem-somos\/","title":{"rendered":"Quem somos"},"content":{"rendered":"<div data-elementor-type=\"wp-page\" data-elementor-id=\"3899\" class=\"elementor elementor-3899\">\n\t\t\t\t\t\t<section class=\"elementor-section elementor-top-section elementor-element elementor-element-7b937cb elementor-section-stretched elementor-section-boxed elementor-section-height-default elementor-section-height-default wpr-particle-no wpr-jarallax-no wpr-parallax-no wpr-sticky-section-no\" data-id=\"7b937cb\" data-element_type=\"section\" data-settings=\"{&quot;stretch_section&quot;:&quot;section-stretched&quot;,&quot;background_background&quot;:&quot;classic&quot;}\">\n\t\t\t\t\t\t<div class=\"elementor-container elementor-column-gap-default\">\n\t\t\t\t\t<div class=\"elementor-column elementor-col-100 elementor-top-column elementor-element elementor-element-f8181c8\" data-id=\"f8181c8\" data-element_type=\"column\">\n\t\t\t<div class=\"elementor-widget-wrap elementor-element-populated\">\n\t\t\t\t\t\t<div class=\"elementor-element elementor-element-80acd12 elementor-widget elementor-widget-text-editor\" data-id=\"80acd12\" data-element_type=\"widget\" data-widget_type=\"text-editor.default\">\n\t\t\t\t<div class=\"elementor-widget-container\">\n\t\t\t\t\t\t\tQuem somos\t\t\t\t\t\t<\/div>\n\t\t\t\t<\/div>\n\t\t\t\t\t<\/div>\n\t\t<\/div>\n\t\t\t\t\t<\/div>\n\t\t<\/section>\n\t\t\t\t<section class=\"elementor-section elementor-top-section elementor-element elementor-element-749836b elementor-section-boxed elementor-section-height-default elementor-section-height-default wpr-particle-no wpr-jarallax-no wpr-parallax-no wpr-sticky-section-no\" data-id=\"749836b\" data-element_type=\"section\">\n\t\t\t\t\t\t<div class=\"elementor-container elementor-column-gap-default\">\n\t\t\t\t\t<div class=\"elementor-column elementor-col-50 elementor-top-column elementor-element elementor-element-86e2cb8\" data-id=\"86e2cb8\" data-element_type=\"column\">\n\t\t\t<div class=\"elementor-widget-wrap elementor-element-populated\">\n\t\t\t\t\t\t<div class=\"elementor-element elementor-element-7555bbf elementor-widget elementor-widget-image\" data-id=\"7555bbf\" data-element_type=\"widget\" data-widget_type=\"image.default\">\n\t\t\t\t<div class=\"elementor-widget-container\">\n\t\t\t\t\t\t\t\t\t\t\t\t\t<img fetchpriority=\"high\" decoding=\"async\" width=\"640\" height=\"822\" src=\"https:\/\/digigrow.com.br\/wp-content\/uploads\/2023\/08\/img_quem-somos.png\" class=\"attachment-large size-large wp-image-3901\" alt=\"\" srcset=\"https:\/\/digigrow.com.br\/wp-content\/uploads\/2023\/08\/img_quem-somos.png 640w, https:\/\/digigrow.com.br\/wp-content\/uploads\/2023\/08\/img_quem-somos-234x300.png 234w, https:\/\/digigrow.com.br\/wp-content\/uploads\/2023\/08\/img_quem-somos-9x12.png 9w, https:\/\/digigrow.com.br\/wp-content\/uploads\/2023\/08\/img_quem-somos-572x735.png 572w\" sizes=\"(max-width: 640px) 100vw, 640px\" \/>\t\t\t\t\t\t\t\t\t\t\t\t\t<\/div>\n\t\t\t\t<\/div>\n\t\t\t\t\t<\/div>\n\t\t<\/div>\n\t\t\t\t<div class=\"elementor-column elementor-col-50 elementor-top-column elementor-element elementor-element-628809f\" data-id=\"628809f\" data-element_type=\"column\">\n\t\t\t<div class=\"elementor-widget-wrap elementor-element-populated\">\n\t\t\t\t\t\t<div class=\"elementor-element elementor-element-b66ab92 elementor-widget elementor-widget-text-editor\" data-id=\"b66ab92\" data-element_type=\"widget\" data-widget_type=\"text-editor.default\">\n\t\t\t\t<div class=\"elementor-widget-container\">\n\t\t\t\t\t\t\t<p><span style=\"font-weight: 400;\">Somos uma plataforma que conecta lojistas aos <\/span><b>maiores marketplaces do Brasil<\/b><span style=\"font-weight: 400;\">, simplificando o processo de venda online. Com nosso modelo de <\/span><b>Store-in-Store<\/b><span style=\"font-weight: 400;\"> (loja dentro de loja), ajudamos empresas a <\/span><b>ganhar mais visibilidade<\/b><span style=\"font-weight: 400;\"> and <\/span><b>multiplicar suas vendas<\/b><span style=\"font-weight: 400;\"> sem burocracia.<\/span><\/p><p><span style=\"font-weight: 400;\">Da gest\u00e3o dos produtos ao suporte operacional, oferecemos uma solu\u00e7\u00e3o completa para que voc\u00ea alcance <\/span><b>resultados reais<\/b><span style=\"font-weight: 400;\"> e escal\u00e1veis. Nossa miss\u00e3o \u00e9 descomplicar as vendas online, acelerando o sucesso do seu neg\u00f3cio.<\/span><\/p>\t\t\t\t\t\t<\/div>\n\t\t\t\t<\/div>\n\t\t\t\t<div class=\"elementor-element elementor-element-2fbfa38 elementor-align-left elementor-widget elementor-widget-button\" data-id=\"2fbfa38\" data-element_type=\"widget\" data-widget_type=\"button.default\">\n\t\t\t\t<div class=\"elementor-widget-container\">\n\t\t\t\t\t\t\t<div class=\"elementor-button-wrapper\">\n\t\t\t\t\t<a class=\"elementor-button elementor-button-link elementor-size-sm\" href=\"https:\/\/digigrow.com.br\/en\/plataforma\/\">\n\t\t\t\t\t\t<span class=\"elementor-button-content-wrapper\">\n\t\t\t\t\t\t\t\t\t<span class=\"elementor-button-text\">Solu\u00e7\u00f5es para vender mais online<\/span>\n\t\t\t\t\t<\/span>\n\t\t\t\t\t<\/a>\n\t\t\t\t<\/div>\n\t\t\t\t\t\t<\/div>\n\t\t\t\t<\/div>\n\t\t\t\t<div class=\"elementor-element elementor-element-3feb73c elementor-widget elementor-widget-image\" data-id=\"3feb73c\" data-element_type=\"widget\" data-widget_type=\"image.default\">\n\t\t\t\t<div class=\"elementor-widget-container\">\n\t\t\t\t\t\t\t\t\t\t\t\t\t\t<a href=\"https:\/\/wa.me\/551146523204\">\n\t\t\t\t\t\t\t<img decoding=\"async\" width=\"300\" height=\"90\" src=\"https:\/\/digigrow.com.br\/wp-content\/uploads\/2023\/08\/botao-whatsapp-300x90.png\" class=\"attachment-medium size-medium wp-image-3904\" alt=\"\" srcset=\"https:\/\/digigrow.com.br\/wp-content\/uploads\/2023\/08\/botao-whatsapp-300x90.png 300w, https:\/\/digigrow.com.br\/wp-content\/uploads\/2023\/08\/botao-whatsapp-18x5.png 18w, https:\/\/digigrow.com.br\/wp-content\/uploads\/2023\/08\/botao-whatsapp.png 458w\" sizes=\"(max-width: 300px) 100vw, 300px\" \/>\t\t\t\t\t\t\t\t<\/a>\n\t\t\t\t\t\t\t\t\t\t\t\t\t<\/div>\n\t\t\t\t<\/div>\n\t\t\t\t\t<\/div>\n\t\t<\/div>\n\t\t\t\t\t<\/div>\n\t\t<\/section>\n\t\t\t\t<\/div>","protected":false},"excerpt":{"rendered":"<p>Quem somos Somos uma plataforma que conecta lojistas aos maiores marketplaces do Brasil, simplificando o processo de venda online. Com nosso modelo de Store-in-Store (loja&hellip;<\/p>","protected":false},"author":1,"featured_media":0,"parent":0,"menu_order":0,"comment_status":"closed","ping_status":"closed","template":"","meta":{"footnotes":""},"class_list":["post-3899","page","type-page","status-publish","hentry"],"yoast_head":"<!-- This site is optimized with the Yoast SEO plugin v23.9 - https:\/\/yoast.com\/wordpress\/plugins\/seo\/ -->\n<title>Quem somos - Digigrow<\/title>\n<meta name=\"description\" content=\"Houston, we have the SOLUTION!.Solu\u00e7\u00e3o em Full Service! Pronto para fazer o seu neg\u00f3cio decolar \ud83d\ude80\" \/>\n<meta name=\"robots\" content=\"index, follow, max-snippet:-1, max-image-preview:large, max-video-preview:-1\" \/>\n<link rel=\"canonical\" href=\"https:\/\/digigrow.com.br\/en\/quem-somos\/\" \/>\n<meta property=\"og:locale\" content=\"en_US\" \/>\n<meta property=\"og:type\" content=\"article\" \/>\n<meta property=\"og:title\" content=\"Quem somos - Digigrow\" \/>\n<meta property=\"og:description\" content=\"Houston, we have the SOLUTION!.Solu\u00e7\u00e3o em Full Service! Pronto para fazer o seu neg\u00f3cio decolar \ud83d\ude80\" \/>\n<meta property=\"og:url\" content=\"https:\/\/digigrow.com.br\/en\/quem-somos\/\" \/>\n<meta property=\"og:site_name\" content=\"Digigrow\" \/>\n<meta property=\"article:publisher\" content=\"https:\/\/www.facebook.com\/digigrow.br\/\" \/>\n<meta property=\"article:modified_time\" content=\"2025-02-12T18:12:26+00:00\" \/>\n<meta property=\"og:image\" content=\"https:\/\/digigrow.com.br\/wp-content\/uploads\/2023\/08\/img_quem-somos.png\" \/>\n<meta name=\"twitter:card\" content=\"summary_large_image\" \/>\n<meta name=\"twitter:label1\" content=\"Est. reading time\" \/>\n\t<meta name=\"twitter:data1\" content=\"1 minute\" \/>\n<script type=\"application\/ld+json\" class=\"yoast-schema-graph\">{\"@context\":\"https:\/\/schema.org\",\"@graph\":[{\"@type\":\"WebPage\",\"@id\":\"https:\/\/digigrow.com.br\/quem-somos\/\",\"url\":\"https:\/\/digigrow.com.br\/quem-somos\/\",\"name\":\"Quem somos - Digigrow\",\"isPartOf\":{\"@id\":\"https:\/\/digigrow.com.br\/#website\"},\"primaryImageOfPage\":{\"@id\":\"https:\/\/digigrow.com.br\/quem-somos\/#primaryimage\"},\"image\":{\"@id\":\"https:\/\/digigrow.com.br\/quem-somos\/#primaryimage\"},\"thumbnailUrl\":\"https:\/\/digigrow.com.br\/wp-content\/uploads\/2023\/08\/img_quem-somos.png\",\"datePublished\":\"2023-08-28T16:18:16+00:00\",\"dateModified\":\"2025-02-12T18:12:26+00:00\",\"description\":\"Houston, we have the SOLUTION!.Solu\u00e7\u00e3o em Full Service! Pronto para fazer o seu neg\u00f3cio decolar \ud83d\ude80\",\"breadcrumb\":{\"@id\":\"https:\/\/digigrow.com.br\/quem-somos\/#breadcrumb\"},\"inLanguage\":\"en-US\",\"potentialAction\":[{\"@type\":\"ReadAction\",\"target\":[\"https:\/\/digigrow.com.br\/quem-somos\/\"]}]},{\"@type\":\"ImageObject\",\"inLanguage\":\"en-US\",\"@id\":\"https:\/\/digigrow.com.br\/quem-somos\/#primaryimage\",\"url\":\"https:\/\/digigrow.com.br\/wp-content\/uploads\/2023\/08\/img_quem-somos.png\",\"contentUrl\":\"https:\/\/digigrow.com.br\/wp-content\/uploads\/2023\/08\/img_quem-somos.png\"},{\"@type\":\"BreadcrumbList\",\"@id\":\"https:\/\/digigrow.com.br\/quem-somos\/#breadcrumb\",\"itemListElement\":[{\"@type\":\"ListItem\",\"position\":1,\"name\":\"In\u00edcio\",\"item\":\"https:\/\/digigrow.com.br\/\"},{\"@type\":\"ListItem\",\"position\":2,\"name\":\"Quem somos\"}]},{\"@type\":\"WebSite\",\"@id\":\"https:\/\/digigrow.com.br\/#website\",\"url\":\"https:\/\/digigrow.com.br\/\",\"name\":\"Digigrow\",\"description\":\"Venda mais na internet\",\"publisher\":{\"@id\":\"https:\/\/digigrow.com.br\/#organization\"},\"potentialAction\":[{\"@type\":\"SearchAction\",\"target\":{\"@type\":\"EntryPoint\",\"urlTemplate\":\"https:\/\/digigrow.com.br\/?s={search_term_string}\"},\"query-input\":{\"@type\":\"PropertyValueSpecification\",\"valueRequired\":true,\"valueName\":\"search_term_string\"}}],\"inLanguage\":\"en-US\"},{\"@type\":\"Organization\",\"@id\":\"https:\/\/digigrow.com.br\/#organization\",\"name\":\"Digigrow - Solu\u00e7\u00f5es em Full Ecommerce\",\"url\":\"https:\/\/digigrow.com.br\/\",\"logo\":{\"@type\":\"ImageObject\",\"inLanguage\":\"en-US\",\"@id\":\"https:\/\/digigrow.com.br\/#\/schema\/logo\/image\/\",\"url\":\"https:\/\/i1.wp.com\/digigrow.com.br\/wp-content\/uploads\/2020\/02\/logo.png?fit=1080%2C1080&ssl=1\",\"contentUrl\":\"https:\/\/i1.wp.com\/digigrow.com.br\/wp-content\/uploads\/2020\/02\/logo.png?fit=1080%2C1080&ssl=1\",\"width\":1080,\"height\":1080,\"caption\":\"Digigrow - Solu\u00e7\u00f5es em Full Ecommerce\"},\"image\":{\"@id\":\"https:\/\/digigrow.com.br\/#\/schema\/logo\/image\/\"},\"sameAs\":[\"https:\/\/www.facebook.com\/digigrow.br\/\",\"https:\/\/www.instagram.com\/digigrow.br\/\",\"https:\/\/www.linkedin.com\/company\/digigrowbr\/\"]}]}<\/script>\n<!-- \/ Yoast SEO plugin. -->","yoast_head_json":{"title":"Quem somos - Digigrow","description":"Houston, we have the SOLUTION!.Solu\u00e7\u00e3o em Full Service! Pronto para fazer o seu neg\u00f3cio decolar \ud83d\ude80","robots":{"index":"index","follow":"follow","max-snippet":"max-snippet:-1","max-image-preview":"max-image-preview:large","max-video-preview":"max-video-preview:-1"},"canonical":"https:\/\/digigrow.com.br\/en\/quem-somos\/","og_locale":"en_US","og_type":"article","og_title":"Quem somos - Digigrow","og_description":"Houston, we have the SOLUTION!.Solu\u00e7\u00e3o em Full Service! Pronto para fazer o seu neg\u00f3cio decolar \ud83d\ude80","og_url":"https:\/\/digigrow.com.br\/en\/quem-somos\/","og_site_name":"Digigrow","article_publisher":"https:\/\/www.facebook.com\/digigrow.br\/","article_modified_time":"2025-02-12T18:12:26+00:00","og_image":[{"url":"https:\/\/digigrow.com.br\/wp-content\/uploads\/2023\/08\/img_quem-somos.png"}],"twitter_card":"summary_large_image","twitter_misc":{"Est. reading time":"1 minute"},"schema":{"@context":"https:\/\/schema.org","@graph":[{"@type":"WebPage","@id":"https:\/\/digigrow.com.br\/quem-somos\/","url":"https:\/\/digigrow.com.br\/quem-somos\/","name":"Quem somos - Digigrow","isPartOf":{"@id":"https:\/\/digigrow.com.br\/#website"},"primaryImageOfPage":{"@id":"https:\/\/digigrow.com.br\/quem-somos\/#primaryimage"},"image":{"@id":"https:\/\/digigrow.com.br\/quem-somos\/#primaryimage"},"thumbnailUrl":"https:\/\/digigrow.com.br\/wp-content\/uploads\/2023\/08\/img_quem-somos.png","datePublished":"2023-08-28T16:18:16+00:00","dateModified":"2025-02-12T18:12:26+00:00","description":"Houston, we have the SOLUTION!.Solu\u00e7\u00e3o em Full Service! Pronto para fazer o seu neg\u00f3cio decolar \ud83d\ude80","breadcrumb":{"@id":"https:\/\/digigrow.com.br\/quem-somos\/#breadcrumb"},"inLanguage":"en-US","potentialAction":[{"@type":"ReadAction","target":["https:\/\/digigrow.com.br\/quem-somos\/"]}]},{"@type":"ImageObject","inLanguage":"en-US","@id":"https:\/\/digigrow.com.br\/quem-somos\/#primaryimage","url":"https:\/\/digigrow.com.br\/wp-content\/uploads\/2023\/08\/img_quem-somos.png","contentUrl":"https:\/\/digigrow.com.br\/wp-content\/uploads\/2023\/08\/img_quem-somos.png"},{"@type":"BreadcrumbList","@id":"https:\/\/digigrow.com.br\/quem-somos\/#breadcrumb","itemListElement":[{"@type":"ListItem","position":1,"name":"In\u00edcio","item":"https:\/\/digigrow.com.br\/"},{"@type":"ListItem","position":2,"name":"Quem somos"}]},{"@type":"WebSite","@id":"https:\/\/digigrow.com.br\/#website","url":"https:\/\/digigrow.com.br\/","name":"Digigrow","description":"Venda mais na internet","publisher":{"@id":"https:\/\/digigrow.com.br\/#organization"},"potentialAction":[{"@type":"SearchAction","target":{"@type":"EntryPoint","urlTemplate":"https:\/\/digigrow.com.br\/?s={search_term_string}"},"query-input":{"@type":"PropertyValueSpecification","valueRequired":true,"valueName":"search_term_string"}}],"inLanguage":"en-US"},{"@type":"Organization","@id":"https:\/\/digigrow.com.br\/#organization","name":"Digigrow - Solu\u00e7\u00f5es em Full Ecommerce","url":"https:\/\/digigrow.com.br\/","logo":{"@type":"ImageObject","inLanguage":"en-US","@id":"https:\/\/digigrow.com.br\/#\/schema\/logo\/image\/","url":"https:\/\/i1.wp.com\/digigrow.com.br\/wp-content\/uploads\/2020\/02\/logo.png?fit=1080%2C1080&ssl=1","contentUrl":"https:\/\/i1.wp.com\/digigrow.com.br\/wp-content\/uploads\/2020\/02\/logo.png?fit=1080%2C1080&ssl=1","width":1080,"height":1080,"caption":"Digigrow - Solu\u00e7\u00f5es em Full Ecommerce"},"image":{"@id":"https:\/\/digigrow.com.br\/#\/schema\/logo\/image\/"},"sameAs":["https:\/\/www.facebook.com\/digigrow.br\/","https:\/\/www.instagram.com\/digigrow.br\/","https:\/\/www.linkedin.com\/company\/digigrowbr\/"]}]}},"_links":{"self":[{"href":"https:\/\/digigrow.com.br\/en\/wp-json\/wp\/v2\/pages\/3899","targetHints":{"allow":["GET"]}}],"collection":[{"href":"https:\/\/digigrow.com.br\/en\/wp-json\/wp\/v2\/pages"}],"about":[{"href":"https:\/\/digigrow.com.br\/en\/wp-json\/wp\/v2\/types\/page"}],"author":[{"embeddable":true,"href":"https:\/\/digigrow.com.br\/en\/wp-json\/wp\/v2\/users\/1"}],"replies":[{"embeddable":true,"href":"https:\/\/digigrow.com.br\/en\/wp-json\/wp\/v2\/comments?post=3899"}],"version-history":[{"count":13,"href":"https:\/\/digigrow.com.br\/en\/wp-json\/wp\/v2\/pages\/3899\/revisions"}],"predecessor-version":[{"id":4907,"href":"https:\/\/digigrow.com.br\/en\/wp-json\/wp\/v2\/pages\/3899\/revisions\/4907"}],"wp:attachment":[{"href":"https:\/\/digigrow.com.br\/en\/wp-json\/wp\/v2\/media?parent=3899"}],"curies":[{"name":"wp","href":"https:\/\/api.w.org\/{rel}","templated":true}]}}