{"id":3827,"date":"2023-08-28T10:32:35","date_gmt":"2023-08-28T13:32:35","guid":{"rendered":"https:\/\/digigrow.com.br\/?page_id=3827"},"modified":"2026-04-30T17:00:25","modified_gmt":"2026-04-30T20:00:25","slug":"home-nova2023","status":"publish","type":"page","link":"https:\/\/digigrow.com.br\/en\/","title":{"rendered":"Home"},"content":{"rendered":"<div data-elementor-type=\"wp-page\" data-elementor-id=\"3827\" class=\"elementor elementor-3827\">\n\t\t\t\t\t\t<section class=\"elementor-section elementor-top-section elementor-element elementor-element-d25fee1 elementor-section-content-middle elementor-section-stretched elementor-section-boxed elementor-section-height-default elementor-section-height-default wpr-particle-no wpr-jarallax-no wpr-parallax-no wpr-sticky-section-no\" data-id=\"d25fee1\" data-element_type=\"section\" data-settings=\"{&quot;stretch_section&quot;:&quot;section-stretched&quot;,&quot;background_background&quot;:&quot;classic&quot;}\">\n\t\t\t\t\t\t<div class=\"elementor-container elementor-column-gap-default\">\n\t\t\t\t\t<div class=\"elementor-column elementor-col-50 elementor-top-column elementor-element elementor-element-44e2f18\" data-id=\"44e2f18\" data-element_type=\"column\">\n\t\t\t<div class=\"elementor-widget-wrap elementor-element-populated\">\n\t\t\t\t\t\t<div class=\"elementor-element elementor-element-b841e72 elementor-widget elementor-widget-text-editor\" data-id=\"b841e72\" data-element_type=\"widget\" data-widget_type=\"text-editor.default\">\n\t\t\t\t<div class=\"elementor-widget-container\">\n\t\t\t\t\t\t\t<p class=\"p1\">Vender com a Digigrow \u00e9 muito f\u00e1cil!<\/p>\t\t\t\t\t\t<\/div>\n\t\t\t\t<\/div>\n\t\t\t\t<div class=\"elementor-element elementor-element-8c5cdb9 elementor-widget elementor-widget-text-editor\" data-id=\"8c5cdb9\" data-element_type=\"widget\" data-widget_type=\"text-editor.default\">\n\t\t\t\t<div class=\"elementor-widget-container\">\n\t\t\t\t\t\t\t<p class=\"p1\">Junte-se a milhares de lojistas e decole suas vendas nos maiores marketplaces com a gente!<\/p>\t\t\t\t\t\t<\/div>\n\t\t\t\t<\/div>\n\t\t\t\t<div class=\"elementor-element elementor-element-ecb3f2e elementor-align-left elementor-mobile-align-center elementor-widget elementor-widget-button\" data-id=\"ecb3f2e\" data-element_type=\"widget\" data-widget_type=\"button.default\">\n\t\t\t\t<div class=\"elementor-widget-container\">\n\t\t\t\t\t\t\t<div class=\"elementor-button-wrapper\">\n\t\t\t\t\t<a class=\"elementor-button elementor-button-link elementor-size-sm elementor-animation-grow\" href=\"http:\/\/app.digigrow.com.br\/register\">\n\t\t\t\t\t\t<span class=\"elementor-button-content-wrapper\">\n\t\t\t\t\t\t\t\t\t<span class=\"elementor-button-text\">Quero decolar minhas vendas!<\/span>\n\t\t\t\t\t<\/span>\n\t\t\t\t\t<\/a>\n\t\t\t\t<\/div>\n\t\t\t\t\t\t<\/div>\n\t\t\t\t<\/div>\n\t\t\t\t\t<\/div>\n\t\t<\/div>\n\t\t\t\t<div class=\"elementor-column elementor-col-50 elementor-top-column elementor-element elementor-element-53cb549\" data-id=\"53cb549\" data-element_type=\"column\">\n\t\t\t<div class=\"elementor-widget-wrap elementor-element-populated\">\n\t\t\t\t\t\t<div class=\"elementor-element elementor-element-cc2cc63 elementor-widget__width-initial elementor-widget elementor-widget-image\" data-id=\"cc2cc63\" data-element_type=\"widget\" data-widget_type=\"image.default\">\n\t\t\t\t<div class=\"elementor-widget-container\">\n\t\t\t\t\t\t\t\t\t\t\t\t\t<img fetchpriority=\"high\" decoding=\"async\" width=\"625\" height=\"550\" src=\"https:\/\/digigrow.com.br\/wp-content\/uploads\/2025\/02\/Tela-Digigrow.png\" class=\"attachment-full size-full wp-image-4934\" alt=\"\" srcset=\"https:\/\/digigrow.com.br\/wp-content\/uploads\/2025\/02\/Tela-Digigrow.png 625w, https:\/\/digigrow.com.br\/wp-content\/uploads\/2025\/02\/Tela-Digigrow-300x264.png 300w, https:\/\/digigrow.com.br\/wp-content\/uploads\/2025\/02\/Tela-Digigrow-14x12.png 14w\" sizes=\"(max-width: 625px) 100vw, 625px\" \/>\t\t\t\t\t\t\t\t\t\t\t\t\t<\/div>\n\t\t\t\t<\/div>\n\t\t\t\t\t<\/div>\n\t\t<\/div>\n\t\t\t\t\t<\/div>\n\t\t<\/section>\n\t\t\t\t<section class=\"elementor-section elementor-top-section elementor-element elementor-element-296a17f elementor-section-boxed elementor-section-height-default elementor-section-height-default wpr-particle-no wpr-jarallax-no wpr-parallax-no wpr-sticky-section-no\" data-id=\"296a17f\" data-element_type=\"section\">\n\t\t\t\t\t\t<div class=\"elementor-container elementor-column-gap-default\">\n\t\t\t\t\t<div class=\"elementor-column elementor-col-100 elementor-top-column elementor-element elementor-element-cad1a7b\" data-id=\"cad1a7b\" data-element_type=\"column\">\n\t\t\t<div class=\"elementor-widget-wrap elementor-element-populated\">\n\t\t\t\t\t\t<div class=\"elementor-element elementor-element-c72fcea elementor-widget elementor-widget-text-editor\" data-id=\"c72fcea\" data-element_type=\"widget\" data-widget_type=\"text-editor.default\">\n\t\t\t\t<div class=\"elementor-widget-container\">\n\t\t\t\t\t\t\tSeus an\u00fancios na primeiras p\u00e1ginas\t\t\t\t\t\t<\/div>\n\t\t\t\t<\/div>\n\t\t\t\t<div class=\"elementor-element elementor-element-90178eb elementor-widget elementor-widget-text-editor\" data-id=\"90178eb\" data-element_type=\"widget\" data-widget_type=\"text-editor.default\">\n\t\t\t\t<div class=\"elementor-widget-container\">\n\t\t\t\t\t\t\t<p>dos grandes marketplaces do Brasil<\/p>\t\t\t\t\t\t<\/div>\n\t\t\t\t<\/div>\n\t\t\t\t<div class=\"elementor-element elementor-element-18b8fb3 elementor-widget elementor-widget-image\" data-id=\"18b8fb3\" data-element_type=\"widget\" data-widget_type=\"image.default\">\n\t\t\t\t<div class=\"elementor-widget-container\">\n\t\t\t\t\t\t\t\t\t\t\t\t\t<img decoding=\"async\" width=\"1024\" height=\"770\" src=\"https:\/\/digigrow.com.br\/wp-content\/uploads\/2023\/08\/beneficios_digigrow-1024x770.png\" class=\"attachment-large size-large wp-image-3831\" alt=\"\" srcset=\"https:\/\/digigrow.com.br\/wp-content\/uploads\/2023\/08\/beneficios_digigrow-1024x770.png 1024w, https:\/\/digigrow.com.br\/wp-content\/uploads\/2023\/08\/beneficios_digigrow-300x226.png 300w, https:\/\/digigrow.com.br\/wp-content\/uploads\/2023\/08\/beneficios_digigrow-768x577.png 768w, https:\/\/digigrow.com.br\/wp-content\/uploads\/2023\/08\/beneficios_digigrow-16x12.png 16w, https:\/\/digigrow.com.br\/wp-content\/uploads\/2023\/08\/beneficios_digigrow-978x735.png 978w, https:\/\/digigrow.com.br\/wp-content\/uploads\/2023\/08\/beneficios_digigrow.png 1156w\" sizes=\"(max-width: 1024px) 100vw, 1024px\" \/>\t\t\t\t\t\t\t\t\t\t\t\t\t<\/div>\n\t\t\t\t<\/div>\n\t\t\t\t\t<\/div>\n\t\t<\/div>\n\t\t\t\t\t<\/div>\n\t\t<\/section>\n\t\t\t\t<section class=\"elementor-section elementor-top-section elementor-element elementor-element-ab3fec5 elementor-section-boxed elementor-section-height-default elementor-section-height-default wpr-particle-no wpr-jarallax-no wpr-parallax-no wpr-sticky-section-no\" data-id=\"ab3fec5\" data-element_type=\"section\">\n\t\t\t\t\t\t<div class=\"elementor-container elementor-column-gap-default\">\n\t\t\t\t\t<div class=\"elementor-column elementor-col-100 elementor-top-column elementor-element elementor-element-9131379\" data-id=\"9131379\" data-element_type=\"column\">\n\t\t\t<div class=\"elementor-widget-wrap elementor-element-populated\">\n\t\t\t\t\t\t<section class=\"elementor-section elementor-inner-section elementor-element elementor-element-0eaf2d6 elementor-section-content-middle elementor-section-boxed elementor-section-height-default elementor-section-height-default wpr-particle-no wpr-jarallax-no wpr-parallax-no wpr-sticky-section-no\" data-id=\"0eaf2d6\" data-element_type=\"section\" data-settings=\"{&quot;background_background&quot;:&quot;classic&quot;}\">\n\t\t\t\t\t\t<div class=\"elementor-container elementor-column-gap-default\">\n\t\t\t\t\t<div class=\"elementor-column elementor-col-50 elementor-inner-column elementor-element elementor-element-8224547\" data-id=\"8224547\" data-element_type=\"column\">\n\t\t\t<div class=\"elementor-widget-wrap elementor-element-populated\">\n\t\t\t\t\t\t<div class=\"elementor-element elementor-element-11c7f2e elementor-widget elementor-widget-text-editor\" data-id=\"11c7f2e\" data-element_type=\"widget\" data-widget_type=\"text-editor.default\">\n\t\t\t\t<div class=\"elementor-widget-container\">\n\t\t\t\t\t\t\tAceleramos suas vendas<br>nos marketplaces\t\t\t\t\t\t<\/div>\n\t\t\t\t<\/div>\n\t\t\t\t<div class=\"elementor-element elementor-element-a950c0c elementor-widget elementor-widget-text-editor\" data-id=\"a950c0c\" data-element_type=\"widget\" data-widget_type=\"text-editor.default\">\n\t\t\t\t<div class=\"elementor-widget-container\">\n\t\t\t\t\t\t\tInicie suas vendas j\u00e1 se<br>destacando da concorr\u00eancia,<br>acelerando resultados e <br>multiplicando os seus ganhos.\t\t\t\t\t\t<\/div>\n\t\t\t\t<\/div>\n\t\t\t\t<div class=\"elementor-element elementor-element-94a013d elementor-align-left elementor-widget elementor-widget-button\" data-id=\"94a013d\" data-element_type=\"widget\" data-widget_type=\"button.default\">\n\t\t\t\t<div class=\"elementor-widget-container\">\n\t\t\t\t\t\t\t<div class=\"elementor-button-wrapper\">\n\t\t\t\t\t<a class=\"elementor-button elementor-button-link elementor-size-sm elementor-animation-grow\" href=\"http:\/\/app.digigrow.com.br\/register\">\n\t\t\t\t\t\t<span class=\"elementor-button-content-wrapper\">\n\t\t\t\t\t\t\t\t\t<span class=\"elementor-button-text\">Quero come\u00e7ar<\/span>\n\t\t\t\t\t<\/span>\n\t\t\t\t\t<\/a>\n\t\t\t\t<\/div>\n\t\t\t\t\t\t<\/div>\n\t\t\t\t<\/div>\n\t\t\t\t\t<\/div>\n\t\t<\/div>\n\t\t\t\t<div class=\"elementor-column elementor-col-50 elementor-inner-column elementor-element elementor-element-89378cc\" data-id=\"89378cc\" data-element_type=\"column\" data-settings=\"{&quot;background_background&quot;:&quot;gradient&quot;}\">\n\t\t\t<div class=\"elementor-widget-wrap elementor-element-populated\">\n\t\t\t\t\t\t<div class=\"elementor-element elementor-element-4419de0 elementor-widget elementor-widget-image\" data-id=\"4419de0\" data-element_type=\"widget\" data-widget_type=\"image.default\">\n\t\t\t\t<div class=\"elementor-widget-container\">\n\t\t\t\t\t\t\t\t\t\t\t\t\t<img decoding=\"async\" width=\"546\" height=\"366\" src=\"https:\/\/digigrow.com.br\/wp-content\/uploads\/2023\/08\/plataforma_mkp2.png\" class=\"attachment-large size-large wp-image-3832\" alt=\"\" srcset=\"https:\/\/digigrow.com.br\/wp-content\/uploads\/2023\/08\/plataforma_mkp2.png 546w, https:\/\/digigrow.com.br\/wp-content\/uploads\/2023\/08\/plataforma_mkp2-300x201.png 300w, https:\/\/digigrow.com.br\/wp-content\/uploads\/2023\/08\/plataforma_mkp2-18x12.png 18w\" sizes=\"(max-width: 546px) 100vw, 546px\" \/>\t\t\t\t\t\t\t\t\t\t\t\t\t<\/div>\n\t\t\t\t<\/div>\n\t\t\t\t\t<\/div>\n\t\t<\/div>\n\t\t\t\t\t<\/div>\n\t\t<\/section>\n\t\t\t\t\t<\/div>\n\t\t<\/div>\n\t\t\t\t\t<\/div>\n\t\t<\/section>\n\t\t\t\t<section class=\"elementor-section elementor-top-section elementor-element elementor-element-9b3ff7e elementor-section-content-middle elementor-section-boxed elementor-section-height-default elementor-section-height-default wpr-particle-no wpr-jarallax-no wpr-parallax-no wpr-sticky-section-no\" data-id=\"9b3ff7e\" data-element_type=\"section\">\n\t\t\t\t\t\t<div class=\"elementor-container elementor-column-gap-default\">\n\t\t\t\t\t<div class=\"elementor-column elementor-col-50 elementor-top-column elementor-element elementor-element-0556cf9\" data-id=\"0556cf9\" data-element_type=\"column\">\n\t\t\t<div class=\"elementor-widget-wrap elementor-element-populated\">\n\t\t\t\t\t\t<div class=\"elementor-element elementor-element-bc5bbd6 elementor-widget elementor-widget-text-editor\" data-id=\"bc5bbd6\" data-element_type=\"widget\" data-widget_type=\"text-editor.default\">\n\t\t\t\t<div class=\"elementor-widget-container\">\n\t\t\t\t\t\t\t<p>Clientes satisfeitos<\/p>\t\t\t\t\t\t<\/div>\n\t\t\t\t<\/div>\n\t\t\t\t<div class=\"elementor-element elementor-element-fa97261 elementor-widget elementor-widget-text-editor\" data-id=\"fa97261\" data-element_type=\"widget\" data-widget_type=\"text-editor.default\">\n\t\t\t\t<div class=\"elementor-widget-container\">\n\t\t\t\t\t\t\t<p>falam por n\u00f3s<\/p>\t\t\t\t\t\t<\/div>\n\t\t\t\t<\/div>\n\t\t\t\t\t<\/div>\n\t\t<\/div>\n\t\t\t\t<div class=\"elementor-column elementor-col-50 elementor-top-column elementor-element elementor-element-564b130\" data-id=\"564b130\" data-element_type=\"column\">\n\t\t\t<div class=\"elementor-widget-wrap elementor-element-populated\">\n\t\t\t\t\t\t<div class=\"elementor-element elementor-element-274a585 wpr-testimonial-slider-columns-2 wpr-testimonial-meta-align-left wpr-testimonial-slider-columns--tablet2 wpr-testimonial-slider-columns--mobile1 wpr-testimonial-triangle-yes wpr-testimonial-meta-position-bottom wpr-testimonial-image-position-center elementor-widget elementor-widget-wpr-testimonial\" data-id=\"274a585\" data-element_type=\"widget\" data-settings=\"{&quot;testimonial_amount&quot;:&quot;2&quot;,&quot;testimonial_slides_to_scroll&quot;:3,&quot;testimonial_amount_tablet&quot;:2,&quot;testimonial_amount_mobile&quot;:1,&quot;testimonial_loop&quot;:&quot;yes&quot;}\" data-widget_type=\"wpr-testimonial.default\">\n\t\t\t\t<div class=\"elementor-widget-container\">\n\t\t\t\t\t<div class=\"wpr-testimonial-carousel-wrap\">\n\t\t\t\n\t\t\t<div class=\"wpr-testimonial-carousel\" dir=\"ltr\" data-slick=\"{&quot;rtl&quot;:false,&quot;infinite&quot;:true,&quot;speed&quot;:700,&quot;arrows&quot;:true,&quot;dots&quot;:true,&quot;autoplay&quot;:false,&quot;autoplaySpeed&quot;:0,&quot;pauseOnHover&quot;:&quot;&quot;,&quot;prevArrow&quot;:&quot;#wpr-testimonial-prev-274a585&quot;,&quot;nextArrow&quot;:&quot;#wpr-testimonial-next-274a585&quot;,&quot;sliderSlidesToScroll&quot;:3}\" data-slide-effect=\"slide\">\n\t\t\t\t\t\n\t\t\t\t\t\n\t\t\t\t\t\t\t\t\t\t\t\n\t\t\t\t\t\t<div class=\"wpr-testimonial-item elementor-repeater-item-9ebb2e0 elementor-clearfix\">\n\t\t\t\t\t\t\t\n\t\t\t\t\t\t\t<div class=\"wpr-testimonial-meta elementor-clearfix\">\n\t\t\t\t\t\t\t\t<div class=\"wpr-testimonial-meta-inner\">\n\t\t\t\t\t\t\t\t\n\t\t\n\t\t\t\n\t\t<div class=\"wpr-testimonial-meta-content-wrap\">\n\t\t\t\t\t\t\t<div class=\"wpr-testimonial-name\">Ricardo<\/div>\n\t\t\t\n\t\t\t\t\t\t\t<div class=\"wpr-testimonial-job\">APEX<\/div>\n\t\t\t\n\t\t\t\n\t\t<\/div>\n\t\t\t\t\t\t\t\t\t\t<\/div>\n\t\t\t\t\t\t\t<\/div>\n\n\t\t\t\t\t\t\t\n\t\t<div class=\"wpr-testimonial-content-wrap\">\n\t\t\t<div class=\"wpr-testimonial-content-inner\">\n\t\t\t\t\t\t\t<div class=\"wpr-testimonial-icon\">\n\t\t\t\t\t<i class=\"fas fa-quote-left\"><\/i>\t\t\t\t<\/div>\n\t\t\t\n\t\t\t\n\t\t\t\t\t\t\t\t\t\t\n\t\t\t\t\t\t\t<div class=\"wpr-testimonial-content\">\n\t\t\t\t\t\n\t\t\t\t\t<p><p>Os an\u00fancios t\u00eam uma relev\u00e2ncia sem igual, tanto o tratamento da foto, a descri\u00e7\u00e3o dos produtos \u00e9 super completa.<\/p><p>A quest\u00e3o de p\u00f3s-venda e atendimento ao cliente, toda a parte da reclama\u00e7\u00e3o ou alguma d\u00favida que o cliente venha a ter, isso acaba que nem chega aqui para a gente; a equipe da Digigrow acaba resolvendo 99% de tudo.<\/p><p>Eu confio, sem sombra de d\u00favidas, na Digigrow.<\/p><\/p>\n\t\t\t\t<\/div>\n\t\t\t\n\t\t\t\n\t\t\t\t\t\t<\/div>\n\t\t<\/div>\n\n\t    \n\t\t\t\t\t\t\t\n\t\t\t\t\t\t<\/div>\n\t\t\t\t\t\t\n\t\t\t\t\t\t\t\t\t\t\t\n\t\t\t\t\t\t<div class=\"wpr-testimonial-item elementor-repeater-item-6ce027a elementor-clearfix\">\n\t\t\t\t\t\t\t\n\t\t\t\t\t\t\t<div class=\"wpr-testimonial-meta elementor-clearfix\">\n\t\t\t\t\t\t\t\t<div class=\"wpr-testimonial-meta-inner\">\n\t\t\t\t\t\t\t\t\n\t\t\n\t\t\t\n\t\t<div class=\"wpr-testimonial-meta-content-wrap\">\n\t\t\t\t\t\t\t<div class=\"wpr-testimonial-name\">Vinicius Mello<\/div>\n\t\t\t\n\t\t\t\t\t\t\t<div class=\"wpr-testimonial-job\">ArsenalCar<\/div>\n\t\t\t\n\t\t\t\n\t\t<\/div>\n\t\t\t\t\t\t\t\t\t\t<\/div>\n\t\t\t\t\t\t\t<\/div>\n\n\t\t\t\t\t\t\t\n\t\t<div class=\"wpr-testimonial-content-wrap\">\n\t\t\t<div class=\"wpr-testimonial-content-inner\">\n\t\t\t\t\t\t\t<div class=\"wpr-testimonial-icon\">\n\t\t\t\t\t<i class=\"fas fa-quote-left\"><\/i>\t\t\t\t<\/div>\n\t\t\t\n\t\t\t\n\t\t\t\t\t\t\t\t\t\t\n\t\t\t\t\t\t\t<div class=\"wpr-testimonial-content\">\n\t\t\t\t\t\n\t\t\t\t\t<p><p>Nossa jornada com a Digigrow tem sido simplesmente incr\u00edvel. Ver nossos produtos chegarem a um p\u00fablico amplo e engajado tem impulsionado nossos neg\u00f3cios de maneiras inimagin\u00e1veis.<\/p><p>A facilidade de uso e o suporte excepcional da equipe tornam essa parceria uma escolha \u00f3bvia. Juntos, estamos alcan\u00e7ando novos patamares de sucesso.<\/p><\/p>\n\t\t\t\t<\/div>\n\t\t\t\n\t\t\t\n\t\t\t\t\t\t<\/div>\n\t\t<\/div>\n\n\t    \n\t\t\t\t\t\t\t\n\t\t\t\t\t\t<\/div>\n\t\t\t\t\t\t\t\t\t<\/div>\n\n\t\t\t<div class=\"wpr-testimonial-controls\">\n\t\t\t\t<div class=\"wpr-testimonial-dots\"><\/div>\n\t\t\t<\/div>\n\n\t\t\t<div class=\"wpr-testimonial-arrow-container\">\n\t\t\t\t<div class=\"wpr-testimonial-prev-arrow wpr-testimonial-arrow\" id=\"wpr-testimonial-prev-274a585\">\n\t\t\t\t\t<svg version=\"1.1\" xmlns=\"http:\/\/www.w3.org\/2000\/svg\" xmlns:xlink=\"http:\/\/www.w3.org\/1999\/xlink\" x=\"0px\" y=\"0px\" viewbox=\"0 0 283.4 512\" style=\"enable-background:new 0 0 283.4 512;\" xml:space=\"preserve\"><g><polygon class=\"st0\" points=\"54.5,256.3 283.4,485.1 256.1,512.5 0,256.3 0,256.3 27.2,229 256.1,0 283.4,27.4 \"\/><\/g><\/svg>\t\t\t\t<\/div>\n\t\t\t\t<div class=\"wpr-testimonial-next-arrow wpr-testimonial-arrow\" id=\"wpr-testimonial-next-274a585\">\n\t\t\t\t\t<svg version=\"1.1\" xmlns=\"http:\/\/www.w3.org\/2000\/svg\" xmlns:xlink=\"http:\/\/www.w3.org\/1999\/xlink\" x=\"0px\" y=\"0px\" viewbox=\"0 0 283.4 512\" style=\"enable-background:new 0 0 283.4 512;\" xml:space=\"preserve\"><g><polygon class=\"st0\" points=\"54.5,256.3 283.4,485.1 256.1,512.5 0,256.3 0,256.3 27.2,229 256.1,0 283.4,27.4 \"\/><\/g><\/svg>\t\t\t\t<\/div>\n\t\t\t<\/div>\n\t\t<\/div>\n\n\t\t\t<\/div>\n\t\t\t\t<\/div>\n\t\t\t\t\t<\/div>\n\t\t<\/div>\n\t\t\t\t\t<\/div>\n\t\t<\/section>\n\t\t\t\t<\/div>","protected":false},"excerpt":{"rendered":"<p>Vender com a Digigrow \u00e9 muito f\u00e1cil! Junte-se a milhares de lojistas e decole suas vendas nos maiores marketplaces com a gente! Quero decolar minhas&hellip;<\/p>","protected":false},"author":1,"featured_media":0,"parent":0,"menu_order":0,"comment_status":"closed","ping_status":"closed","template":"","meta":{"footnotes":""},"class_list":["post-3827","page","type-page","status-publish","hentry"],"yoast_head":"<!-- This site is optimized with the Yoast SEO plugin v23.9 - https:\/\/yoast.com\/wordpress\/plugins\/seo\/ -->\n<title>Home - Digigrow<\/title>\n<meta name=\"description\" content=\"Solu\u00e7\u00e3o em Full Service! Pronto para fazer o seu neg\u00f3cio decolar \ud83d\ude80\" \/>\n<meta name=\"robots\" content=\"index, follow, max-snippet:-1, max-image-preview:large, max-video-preview:-1\" \/>\n<link rel=\"canonical\" href=\"https:\/\/digigrow.com.br\/en\/\" \/>\n<meta property=\"og:locale\" content=\"en_US\" \/>\n<meta property=\"og:type\" content=\"article\" \/>\n<meta property=\"og:title\" content=\"Home - Digigrow\" \/>\n<meta property=\"og:description\" content=\"Solu\u00e7\u00e3o em Full Service! Pronto para fazer o seu neg\u00f3cio decolar \ud83d\ude80\" \/>\n<meta property=\"og:url\" content=\"https:\/\/digigrow.com.br\/en\/\" \/>\n<meta property=\"og:site_name\" content=\"Digigrow\" \/>\n<meta property=\"article:publisher\" content=\"https:\/\/www.facebook.com\/digigrow.br\/\" \/>\n<meta property=\"article:modified_time\" content=\"2026-04-30T20:00:25+00:00\" \/>\n<meta property=\"og:image\" content=\"https:\/\/digigrow.com.br\/wp-content\/uploads\/2025\/02\/Tela-Digigrow.png\" \/>\n\t<meta property=\"og:image:width\" content=\"625\" \/>\n\t<meta property=\"og:image:height\" content=\"550\" \/>\n\t<meta property=\"og:image:type\" content=\"image\/png\" \/>\n<meta name=\"twitter:card\" content=\"summary_large_image\" \/>\n<meta name=\"twitter:label1\" content=\"Est. reading time\" \/>\n\t<meta name=\"twitter:data1\" content=\"2 minutes\" \/>\n<script type=\"application\/ld+json\" class=\"yoast-schema-graph\">{\"@context\":\"https:\/\/schema.org\",\"@graph\":[{\"@type\":\"WebPage\",\"@id\":\"https:\/\/digigrow.com.br\/\",\"url\":\"https:\/\/digigrow.com.br\/\",\"name\":\"Home - Digigrow\",\"isPartOf\":{\"@id\":\"https:\/\/digigrow.com.br\/#website\"},\"primaryImageOfPage\":{\"@id\":\"https:\/\/digigrow.com.br\/#primaryimage\"},\"image\":{\"@id\":\"https:\/\/digigrow.com.br\/#primaryimage\"},\"thumbnailUrl\":\"https:\/\/digigrow.com.br\/wp-content\/uploads\/2025\/02\/Tela-Digigrow.png\",\"datePublished\":\"2023-08-28T13:32:35+00:00\",\"dateModified\":\"2026-04-30T20:00:25+00:00\",\"description\":\"Solu\u00e7\u00e3o em Full Service! Pronto para fazer o seu neg\u00f3cio decolar \ud83d\ude80\",\"breadcrumb\":{\"@id\":\"https:\/\/digigrow.com.br\/#breadcrumb\"},\"inLanguage\":\"en-US\",\"potentialAction\":[{\"@type\":\"ReadAction\",\"target\":[\"https:\/\/digigrow.com.br\/\"]}]},{\"@type\":\"ImageObject\",\"inLanguage\":\"en-US\",\"@id\":\"https:\/\/digigrow.com.br\/#primaryimage\",\"url\":\"https:\/\/digigrow.com.br\/wp-content\/uploads\/2025\/02\/Tela-Digigrow.png\",\"contentUrl\":\"https:\/\/digigrow.com.br\/wp-content\/uploads\/2025\/02\/Tela-Digigrow.png\"},{\"@type\":\"BreadcrumbList\",\"@id\":\"https:\/\/digigrow.com.br\/#breadcrumb\",\"itemListElement\":[{\"@type\":\"ListItem\",\"position\":1,\"name\":\"In\u00edcio\",\"item\":\"https:\/\/digigrow.com.br\/\"},{\"@type\":\"ListItem\",\"position\":2,\"name\":\"Home\"}]},{\"@type\":\"WebSite\",\"@id\":\"https:\/\/digigrow.com.br\/#website\",\"url\":\"https:\/\/digigrow.com.br\/\",\"name\":\"Digigrow\",\"description\":\"Venda mais na internet\",\"publisher\":{\"@id\":\"https:\/\/digigrow.com.br\/#organization\"},\"potentialAction\":[{\"@type\":\"SearchAction\",\"target\":{\"@type\":\"EntryPoint\",\"urlTemplate\":\"https:\/\/digigrow.com.br\/?s={search_term_string}\"},\"query-input\":{\"@type\":\"PropertyValueSpecification\",\"valueRequired\":true,\"valueName\":\"search_term_string\"}}],\"inLanguage\":\"en-US\"},{\"@type\":\"Organization\",\"@id\":\"https:\/\/digigrow.com.br\/#organization\",\"name\":\"Digigrow - Solu\u00e7\u00f5es em Full Ecommerce\",\"url\":\"https:\/\/digigrow.com.br\/\",\"logo\":{\"@type\":\"ImageObject\",\"inLanguage\":\"en-US\",\"@id\":\"https:\/\/digigrow.com.br\/#\/schema\/logo\/image\/\",\"url\":\"https:\/\/i1.wp.com\/digigrow.com.br\/wp-content\/uploads\/2020\/02\/logo.png?fit=1080%2C1080&ssl=1\",\"contentUrl\":\"https:\/\/i1.wp.com\/digigrow.com.br\/wp-content\/uploads\/2020\/02\/logo.png?fit=1080%2C1080&ssl=1\",\"width\":1080,\"height\":1080,\"caption\":\"Digigrow - Solu\u00e7\u00f5es em Full Ecommerce\"},\"image\":{\"@id\":\"https:\/\/digigrow.com.br\/#\/schema\/logo\/image\/\"},\"sameAs\":[\"https:\/\/www.facebook.com\/digigrow.br\/\",\"https:\/\/www.instagram.com\/digigrow.br\/\",\"https:\/\/www.linkedin.com\/company\/digigrowbr\/\"]}]}<\/script>\n<!-- \/ Yoast SEO plugin. -->","yoast_head_json":{"title":"Home - Digigrow","description":"Solu\u00e7\u00e3o em Full Service! Pronto para fazer o seu neg\u00f3cio decolar \ud83d\ude80","robots":{"index":"index","follow":"follow","max-snippet":"max-snippet:-1","max-image-preview":"max-image-preview:large","max-video-preview":"max-video-preview:-1"},"canonical":"https:\/\/digigrow.com.br\/en\/","og_locale":"en_US","og_type":"article","og_title":"Home - Digigrow","og_description":"Solu\u00e7\u00e3o em Full Service! Pronto para fazer o seu neg\u00f3cio decolar \ud83d\ude80","og_url":"https:\/\/digigrow.com.br\/en\/","og_site_name":"Digigrow","article_publisher":"https:\/\/www.facebook.com\/digigrow.br\/","article_modified_time":"2026-04-30T20:00:25+00:00","og_image":[{"width":625,"height":550,"url":"https:\/\/digigrow.com.br\/wp-content\/uploads\/2025\/02\/Tela-Digigrow.png","type":"image\/png"}],"twitter_card":"summary_large_image","twitter_misc":{"Est. reading time":"2 minutes"},"schema":{"@context":"https:\/\/schema.org","@graph":[{"@type":"WebPage","@id":"https:\/\/digigrow.com.br\/","url":"https:\/\/digigrow.com.br\/","name":"Home - Digigrow","isPartOf":{"@id":"https:\/\/digigrow.com.br\/#website"},"primaryImageOfPage":{"@id":"https:\/\/digigrow.com.br\/#primaryimage"},"image":{"@id":"https:\/\/digigrow.com.br\/#primaryimage"},"thumbnailUrl":"https:\/\/digigrow.com.br\/wp-content\/uploads\/2025\/02\/Tela-Digigrow.png","datePublished":"2023-08-28T13:32:35+00:00","dateModified":"2026-04-30T20:00:25+00:00","description":"Solu\u00e7\u00e3o em Full Service! Pronto para fazer o seu neg\u00f3cio decolar \ud83d\ude80","breadcrumb":{"@id":"https:\/\/digigrow.com.br\/#breadcrumb"},"inLanguage":"en-US","potentialAction":[{"@type":"ReadAction","target":["https:\/\/digigrow.com.br\/"]}]},{"@type":"ImageObject","inLanguage":"en-US","@id":"https:\/\/digigrow.com.br\/#primaryimage","url":"https:\/\/digigrow.com.br\/wp-content\/uploads\/2025\/02\/Tela-Digigrow.png","contentUrl":"https:\/\/digigrow.com.br\/wp-content\/uploads\/2025\/02\/Tela-Digigrow.png"},{"@type":"BreadcrumbList","@id":"https:\/\/digigrow.com.br\/#breadcrumb","itemListElement":[{"@type":"ListItem","position":1,"name":"In\u00edcio","item":"https:\/\/digigrow.com.br\/"},{"@type":"ListItem","position":2,"name":"Home"}]},{"@type":"WebSite","@id":"https:\/\/digigrow.com.br\/#website","url":"https:\/\/digigrow.com.br\/","name":"Digigrow","description":"Venda mais na internet","publisher":{"@id":"https:\/\/digigrow.com.br\/#organization"},"potentialAction":[{"@type":"SearchAction","target":{"@type":"EntryPoint","urlTemplate":"https:\/\/digigrow.com.br\/?s={search_term_string}"},"query-input":{"@type":"PropertyValueSpecification","valueRequired":true,"valueName":"search_term_string"}}],"inLanguage":"en-US"},{"@type":"Organization","@id":"https:\/\/digigrow.com.br\/#organization","name":"Digigrow - Solu\u00e7\u00f5es em Full Ecommerce","url":"https:\/\/digigrow.com.br\/","logo":{"@type":"ImageObject","inLanguage":"en-US","@id":"https:\/\/digigrow.com.br\/#\/schema\/logo\/image\/","url":"https:\/\/i1.wp.com\/digigrow.com.br\/wp-content\/uploads\/2020\/02\/logo.png?fit=1080%2C1080&ssl=1","contentUrl":"https:\/\/i1.wp.com\/digigrow.com.br\/wp-content\/uploads\/2020\/02\/logo.png?fit=1080%2C1080&ssl=1","width":1080,"height":1080,"caption":"Digigrow - Solu\u00e7\u00f5es em Full Ecommerce"},"image":{"@id":"https:\/\/digigrow.com.br\/#\/schema\/logo\/image\/"},"sameAs":["https:\/\/www.facebook.com\/digigrow.br\/","https:\/\/www.instagram.com\/digigrow.br\/","https:\/\/www.linkedin.com\/company\/digigrowbr\/"]}]}},"_links":{"self":[{"href":"https:\/\/digigrow.com.br\/en\/wp-json\/wp\/v2\/pages\/3827","targetHints":{"allow":["GET"]}}],"collection":[{"href":"https:\/\/digigrow.com.br\/en\/wp-json\/wp\/v2\/pages"}],"about":[{"href":"https:\/\/digigrow.com.br\/en\/wp-json\/wp\/v2\/types\/page"}],"author":[{"embeddable":true,"href":"https:\/\/digigrow.com.br\/en\/wp-json\/wp\/v2\/users\/1"}],"replies":[{"embeddable":true,"href":"https:\/\/digigrow.com.br\/en\/wp-json\/wp\/v2\/comments?post=3827"}],"version-history":[{"count":61,"href":"https:\/\/digigrow.com.br\/en\/wp-json\/wp\/v2\/pages\/3827\/revisions"}],"predecessor-version":[{"id":5035,"href":"https:\/\/digigrow.com.br\/en\/wp-json\/wp\/v2\/pages\/3827\/revisions\/5035"}],"wp:attachment":[{"href":"https:\/\/digigrow.com.br\/en\/wp-json\/wp\/v2\/media?parent=3827"}],"curies":[{"name":"wp","href":"https:\/\/api.w.org\/{rel}","templated":true}]}}