{"id":3693,"date":"2023-07-07T16:36:18","date_gmt":"2023-07-07T19:36:18","guid":{"rendered":"https:\/\/digigrow.com.br\/?page_id=3693"},"modified":"2023-07-07T17:24:54","modified_gmt":"2023-07-07T20:24:54","slug":"cancelamentos","status":"publish","type":"page","link":"https:\/\/digigrow.com.br\/en\/cancelamentos\/","title":{"rendered":"Cancelamentos"},"content":{"rendered":"","protected":false},"excerpt":{"rendered":"","protected":false},"author":1,"featured_media":0,"parent":0,"menu_order":0,"comment_status":"closed","ping_status":"closed","template":"","meta":{"footnotes":""},"class_list":["post-3693","page","type-page","status-publish","hentry"],"yoast_head":"<!-- This site is optimized with the Yoast SEO plugin v23.9 - https:\/\/yoast.com\/wordpress\/plugins\/seo\/ -->\n<title>Cancelamentos - Digigrow<\/title>\n<meta name=\"description\" content=\"Houston, we have the SOLUTION!.Solu\u00e7\u00e3o em Full Service! Pronto para fazer o seu neg\u00f3cio decolar \ud83d\ude80\" \/>\n<meta name=\"robots\" content=\"index, follow, max-snippet:-1, max-image-preview:large, max-video-preview:-1\" \/>\n<link rel=\"canonical\" href=\"https:\/\/digigrow.com.br\/en\/cancelamentos\/\" \/>\n<meta property=\"og:locale\" content=\"en_US\" \/>\n<meta property=\"og:type\" content=\"article\" \/>\n<meta property=\"og:title\" content=\"Cancelamentos - Digigrow\" \/>\n<meta property=\"og:description\" content=\"Houston, we have the SOLUTION!.Solu\u00e7\u00e3o em Full Service! Pronto para fazer o seu neg\u00f3cio decolar \ud83d\ude80\" \/>\n<meta property=\"og:url\" content=\"https:\/\/digigrow.com.br\/en\/cancelamentos\/\" \/>\n<meta property=\"og:site_name\" content=\"Digigrow\" \/>\n<meta property=\"article:publisher\" content=\"https:\/\/www.facebook.com\/digigrow.br\/\" \/>\n<meta property=\"article:modified_time\" content=\"2023-07-07T20:24:54+00:00\" \/>\n<meta name=\"twitter:card\" content=\"summary_large_image\" \/>\n<script type=\"application\/ld+json\" class=\"yoast-schema-graph\">{\"@context\":\"https:\/\/schema.org\",\"@graph\":[{\"@type\":\"WebPage\",\"@id\":\"https:\/\/digigrow.com.br\/cancelamentos\/\",\"url\":\"https:\/\/digigrow.com.br\/cancelamentos\/\",\"name\":\"Cancelamentos - Digigrow\",\"isPartOf\":{\"@id\":\"https:\/\/digigrow.com.br\/#website\"},\"datePublished\":\"2023-07-07T19:36:18+00:00\",\"dateModified\":\"2023-07-07T20:24:54+00:00\",\"description\":\"Houston, we have the SOLUTION!.Solu\u00e7\u00e3o em Full Service! Pronto para fazer o seu neg\u00f3cio decolar \ud83d\ude80\",\"breadcrumb\":{\"@id\":\"https:\/\/digigrow.com.br\/cancelamentos\/#breadcrumb\"},\"inLanguage\":\"en-US\",\"potentialAction\":[{\"@type\":\"ReadAction\",\"target\":[\"https:\/\/digigrow.com.br\/cancelamentos\/\"]}]},{\"@type\":\"BreadcrumbList\",\"@id\":\"https:\/\/digigrow.com.br\/cancelamentos\/#breadcrumb\",\"itemListElement\":[{\"@type\":\"ListItem\",\"position\":1,\"name\":\"In\u00edcio\",\"item\":\"https:\/\/digigrow.com.br\/\"},{\"@type\":\"ListItem\",\"position\":2,\"name\":\"Cancelamentos\"}]},{\"@type\":\"WebSite\",\"@id\":\"https:\/\/digigrow.com.br\/#website\",\"url\":\"https:\/\/digigrow.com.br\/\",\"name\":\"Digigrow\",\"description\":\"Venda mais na internet\",\"publisher\":{\"@id\":\"https:\/\/digigrow.com.br\/#organization\"},\"potentialAction\":[{\"@type\":\"SearchAction\",\"target\":{\"@type\":\"EntryPoint\",\"urlTemplate\":\"https:\/\/digigrow.com.br\/?s={search_term_string}\"},\"query-input\":{\"@type\":\"PropertyValueSpecification\",\"valueRequired\":true,\"valueName\":\"search_term_string\"}}],\"inLanguage\":\"en-US\"},{\"@type\":\"Organization\",\"@id\":\"https:\/\/digigrow.com.br\/#organization\",\"name\":\"Digigrow - Solu\u00e7\u00f5es em Full Ecommerce\",\"url\":\"https:\/\/digigrow.com.br\/\",\"logo\":{\"@type\":\"ImageObject\",\"inLanguage\":\"en-US\",\"@id\":\"https:\/\/digigrow.com.br\/#\/schema\/logo\/image\/\",\"url\":\"https:\/\/i1.wp.com\/digigrow.com.br\/wp-content\/uploads\/2020\/02\/logo.png?fit=1080%2C1080&ssl=1\",\"contentUrl\":\"https:\/\/i1.wp.com\/digigrow.com.br\/wp-content\/uploads\/2020\/02\/logo.png?fit=1080%2C1080&ssl=1\",\"width\":1080,\"height\":1080,\"caption\":\"Digigrow - Solu\u00e7\u00f5es em Full Ecommerce\"},\"image\":{\"@id\":\"https:\/\/digigrow.com.br\/#\/schema\/logo\/image\/\"},\"sameAs\":[\"https:\/\/www.facebook.com\/digigrow.br\/\",\"https:\/\/www.instagram.com\/digigrow.br\/\",\"https:\/\/www.linkedin.com\/company\/digigrowbr\/\"]}]}<\/script>\n<!-- \/ Yoast SEO plugin. -->","yoast_head_json":{"title":"Cancelamentos - Digigrow","description":"Houston, we have the SOLUTION!.Solu\u00e7\u00e3o em Full Service! Pronto para fazer o seu neg\u00f3cio decolar \ud83d\ude80","robots":{"index":"index","follow":"follow","max-snippet":"max-snippet:-1","max-image-preview":"max-image-preview:large","max-video-preview":"max-video-preview:-1"},"canonical":"https:\/\/digigrow.com.br\/en\/cancelamentos\/","og_locale":"en_US","og_type":"article","og_title":"Cancelamentos - Digigrow","og_description":"Houston, we have the SOLUTION!.Solu\u00e7\u00e3o em Full Service! Pronto para fazer o seu neg\u00f3cio decolar \ud83d\ude80","og_url":"https:\/\/digigrow.com.br\/en\/cancelamentos\/","og_site_name":"Digigrow","article_publisher":"https:\/\/www.facebook.com\/digigrow.br\/","article_modified_time":"2023-07-07T20:24:54+00:00","twitter_card":"summary_large_image","schema":{"@context":"https:\/\/schema.org","@graph":[{"@type":"WebPage","@id":"https:\/\/digigrow.com.br\/cancelamentos\/","url":"https:\/\/digigrow.com.br\/cancelamentos\/","name":"Cancelamentos - Digigrow","isPartOf":{"@id":"https:\/\/digigrow.com.br\/#website"},"datePublished":"2023-07-07T19:36:18+00:00","dateModified":"2023-07-07T20:24:54+00:00","description":"Houston, we have the SOLUTION!.Solu\u00e7\u00e3o em Full Service! Pronto para fazer o seu neg\u00f3cio decolar \ud83d\ude80","breadcrumb":{"@id":"https:\/\/digigrow.com.br\/cancelamentos\/#breadcrumb"},"inLanguage":"en-US","potentialAction":[{"@type":"ReadAction","target":["https:\/\/digigrow.com.br\/cancelamentos\/"]}]},{"@type":"BreadcrumbList","@id":"https:\/\/digigrow.com.br\/cancelamentos\/#breadcrumb","itemListElement":[{"@type":"ListItem","position":1,"name":"In\u00edcio","item":"https:\/\/digigrow.com.br\/"},{"@type":"ListItem","position":2,"name":"Cancelamentos"}]},{"@type":"WebSite","@id":"https:\/\/digigrow.com.br\/#website","url":"https:\/\/digigrow.com.br\/","name":"Digigrow","description":"Venda mais na internet","publisher":{"@id":"https:\/\/digigrow.com.br\/#organization"},"potentialAction":[{"@type":"SearchAction","target":{"@type":"EntryPoint","urlTemplate":"https:\/\/digigrow.com.br\/?s={search_term_string}"},"query-input":{"@type":"PropertyValueSpecification","valueRequired":true,"valueName":"search_term_string"}}],"inLanguage":"en-US"},{"@type":"Organization","@id":"https:\/\/digigrow.com.br\/#organization","name":"Digigrow - Solu\u00e7\u00f5es em Full Ecommerce","url":"https:\/\/digigrow.com.br\/","logo":{"@type":"ImageObject","inLanguage":"en-US","@id":"https:\/\/digigrow.com.br\/#\/schema\/logo\/image\/","url":"https:\/\/i1.wp.com\/digigrow.com.br\/wp-content\/uploads\/2020\/02\/logo.png?fit=1080%2C1080&ssl=1","contentUrl":"https:\/\/i1.wp.com\/digigrow.com.br\/wp-content\/uploads\/2020\/02\/logo.png?fit=1080%2C1080&ssl=1","width":1080,"height":1080,"caption":"Digigrow - Solu\u00e7\u00f5es em Full Ecommerce"},"image":{"@id":"https:\/\/digigrow.com.br\/#\/schema\/logo\/image\/"},"sameAs":["https:\/\/www.facebook.com\/digigrow.br\/","https:\/\/www.instagram.com\/digigrow.br\/","https:\/\/www.linkedin.com\/company\/digigrowbr\/"]}]}},"_links":{"self":[{"href":"https:\/\/digigrow.com.br\/en\/wp-json\/wp\/v2\/pages\/3693","targetHints":{"allow":["GET"]}}],"collection":[{"href":"https:\/\/digigrow.com.br\/en\/wp-json\/wp\/v2\/pages"}],"about":[{"href":"https:\/\/digigrow.com.br\/en\/wp-json\/wp\/v2\/types\/page"}],"author":[{"embeddable":true,"href":"https:\/\/digigrow.com.br\/en\/wp-json\/wp\/v2\/users\/1"}],"replies":[{"embeddable":true,"href":"https:\/\/digigrow.com.br\/en\/wp-json\/wp\/v2\/comments?post=3693"}],"version-history":[{"count":1,"href":"https:\/\/digigrow.com.br\/en\/wp-json\/wp\/v2\/pages\/3693\/revisions"}],"predecessor-version":[{"id":3694,"href":"https:\/\/digigrow.com.br\/en\/wp-json\/wp\/v2\/pages\/3693\/revisions\/3694"}],"wp:attachment":[{"href":"https:\/\/digigrow.com.br\/en\/wp-json\/wp\/v2\/media?parent=3693"}],"curies":[{"name":"wp","href":"https:\/\/api.w.org\/{rel}","templated":true}]}}