{"id":3512,"date":"2023-05-17T14:26:22","date_gmt":"2023-05-17T17:26:22","guid":{"rendered":"https:\/\/digigrow.com.br\/politica-de-privacidade-copy\/"},"modified":"2024-04-15T11:57:37","modified_gmt":"2024-04-15T14:57:37","slug":"integracao-bling","status":"publish","type":"page","link":"https:\/\/digigrow.com.br\/en\/integracao-bling\/","title":{"rendered":"Integra\u00e7\u00e3o com Bling"},"content":{"rendered":"<div data-elementor-type=\"wp-page\" data-elementor-id=\"3512\" class=\"elementor elementor-3512\">\n\t\t\t\t\t\t<section class=\"elementor-section elementor-top-section elementor-element elementor-element-2b14b37 elementor-section-stretched elementor-section-boxed elementor-section-height-default elementor-section-height-default wpr-particle-no wpr-jarallax-no wpr-parallax-no wpr-sticky-section-no\" data-id=\"2b14b37\" data-element_type=\"section\" data-settings=\"{&quot;stretch_section&quot;:&quot;section-stretched&quot;,&quot;background_background&quot;:&quot;classic&quot;}\">\n\t\t\t\t\t\t<div class=\"elementor-container elementor-column-gap-default\">\n\t\t\t\t\t<div class=\"elementor-column elementor-col-100 elementor-top-column elementor-element elementor-element-7addf44\" data-id=\"7addf44\" data-element_type=\"column\">\n\t\t\t<div class=\"elementor-widget-wrap elementor-element-populated\">\n\t\t\t\t\t\t<div class=\"elementor-element elementor-element-2d5ba6f elementor-widget elementor-widget-text-editor\" data-id=\"2d5ba6f\" data-element_type=\"widget\" data-widget_type=\"text-editor.default\">\n\t\t\t\t<div class=\"elementor-widget-container\">\n\t\t\t\t\t\t\tIntegra\u00e7\u00e3o com<br>\nBling\t\t\t\t\t\t<\/div>\n\t\t\t\t<\/div>\n\t\t\t\t\t<\/div>\n\t\t<\/div>\n\t\t\t\t\t<\/div>\n\t\t<\/section>\n\t\t\t\t<section class=\"elementor-section elementor-top-section elementor-element elementor-element-5375dc8 elementor-section-boxed elementor-section-height-default elementor-section-height-default wpr-particle-no wpr-jarallax-no wpr-parallax-no wpr-sticky-section-no\" data-id=\"5375dc8\" data-element_type=\"section\">\n\t\t\t\t\t\t<div class=\"elementor-container elementor-column-gap-default\">\n\t\t\t\t\t<div class=\"elementor-column elementor-col-100 elementor-top-column elementor-element elementor-element-e8659ea\" data-id=\"e8659ea\" data-element_type=\"column\">\n\t\t\t<div class=\"elementor-widget-wrap elementor-element-populated\">\n\t\t\t\t\t\t<div class=\"elementor-element elementor-element-a33b650 elementor-widget elementor-widget-text-editor\" data-id=\"a33b650\" data-element_type=\"widget\" data-widget_type=\"text-editor.default\">\n\t\t\t\t<div class=\"elementor-widget-container\">\n\t\t\t\t\t\t\t<p><span style=\"color: #333333;\"><strong>Integra\u00e7\u00e3o com o Bling<\/strong><\/span><\/p>\n<p><span style=\"color: #333333;\"><b>Para integrar, \u00e9 importante seguir o passo a passo abaixo (em v\u00eddeo ou em texto, como preferir).<\/b><\/span><\/p>\n<p><span style=\"color: #333333;\"><b>Ap\u00f3s a integra\u00e7\u00e3o, dependendo da quantidade de produtos, pode demorar at\u00e9 24h para que todos os seus produtos apare\u00e7am na Digigrow.<\/b><\/span><\/p>\n<p><br><\/p>\t\t\t\t\t\t<\/div>\n\t\t\t\t<\/div>\n\t\t\t\t<div class=\"elementor-element elementor-element-5bac7f3 elementor-widget elementor-widget-text-editor\" data-id=\"5bac7f3\" data-element_type=\"widget\" data-widget_type=\"text-editor.default\">\n\t\t\t\t<div class=\"elementor-widget-container\">\n\t\t\t\t\t\t\t<p><b style=\"font-style: inherit;\"><span style=\"color: #4b05af;\">Tutorial em texto:<\/span><\/b><\/p>\n<p><b style=\"color: #ff0000; font-style: inherit;\">IMPORTANTE!<\/b><\/p>\n<ul>\n<li><strong>A primeira informa\u00e7\u00e3o relevante \u00e9 que esta integra\u00e7\u00e3o s\u00f3 est\u00e1 dispon\u00edvel a partir do Plano Cobalto do Bling.<\/strong><\/li>\n<li><strong>Produtos com varia\u00e7\u00f5es devem ter c\u00f3digos distintos de sku para cada varia\u00e7\u00e3o.<\/strong><\/li>\n<li><strong>Caso existam produtos ou varia\u00e7\u00f5es com c\u00f3digo sku repetido s\u00f3 ser\u00e1 adicionado um produto (por sku).<\/strong><\/li>\n<li><strong>Caso existam produtos ou varia\u00e7\u00f5es com c\u00f3digo GTIN repetido s\u00f3 ser\u00e1 adicionado um produto (por GTIN).<\/strong><\/li>\n<li><strong><span dir=\"ltr\">O SKU do Bling tem que ser o mesmo que consta no Hub Digigrow.<\/span><\/strong><\/li>\n<\/ul>\t\t\t\t\t\t<\/div>\n\t\t\t\t<\/div>\n\t\t\t\t<div class=\"elementor-element elementor-element-0c8486d elementor-widget elementor-widget-text-editor\" data-id=\"0c8486d\" data-element_type=\"widget\" data-widget_type=\"text-editor.default\">\n\t\t\t\t<div class=\"elementor-widget-container\">\n\t\t\t\t\t\t\t<ul><li>Ap\u00f3s isso vamos ao primeiro passo que \u00e9 estar logado no Bling para que seja montado o setup na plataforma possibilitando receber a integra\u00e7\u00e3o atrav\u00e9s do Hub.<\/li><\/ul><p><img fetchpriority=\"high\" decoding=\"async\" src=\"https:\/\/digigrow.com.br\/wp-content\/uploads\/2023\/05\/MicrosoftTeams-image-1024x485.png\" alt=\"\" width=\"1024\" height=\"485\" \/><\/p><ul><li aria-level=\"1\"><span style=\"font-weight: 400;\">Depois de logar na sua conta Bling inicie a integra\u00e7\u00e3o acessando esse link: <\/span><a href=\"https:\/\/www.bling.com.br\/cadastro.aplicativos.php#list\"><span style=\"font-weight: 400;\">https:\/\/www.bling.com.br\/cadastro.aplicativos.php#list<\/span><\/a><\/li><\/ul><p><img decoding=\"async\" src=\"https:\/\/digigrow.com.br\/wp-content\/uploads\/2024\/03\/1-1024x539.png\" alt=\"\" width=\"1024\" height=\"539\" \/><\/p><ul><li><span style=\"font-weight: 400;\">Selecione o tipo do cadastro do aplicativo<\/span><\/li><\/ul><p><img decoding=\"async\" src=\"https:\/\/digigrow.com.br\/wp-content\/uploads\/2024\/03\/2-1024x538.png\" alt=\"\" width=\"1024\" height=\"538\" \/><\/p><ul><li><span style=\"font-weight: 400;\">Preencha as informa\u00e7\u00f5es para cadastrar o aplicativo<\/span><\/li><\/ul><p><img loading=\"lazy\" decoding=\"async\" src=\"https:\/\/digigrow.com.br\/wp-content\/uploads\/2024\/03\/3-1024x539.png\" alt=\"\" width=\"1024\" height=\"539\" \/><\/p><ul><li><span style=\"font-weight: 400;\">Acesse a sua conta Digigrow para copiar a URL de redirecionamento<\/span><\/li><\/ul><p><img loading=\"lazy\" decoding=\"async\" src=\"https:\/\/digigrow.com.br\/wp-content\/uploads\/2024\/03\/4-1024x539.png\" alt=\"\" width=\"1024\" height=\"539\" \/><\/p><ul><li><span style=\"font-weight: 400;\">Dentro da Digigrow na tela de Cadastros &gt; Empresas &gt; Editar empresa &gt; Integra\u00e7\u00f5es<\/span><\/li><\/ul><p><img loading=\"lazy\" decoding=\"async\" src=\"https:\/\/digigrow.com.br\/wp-content\/uploads\/2024\/03\/5-1024x499.png\" alt=\"\" width=\"1024\" height=\"499\" \/><\/p><ul><li><span style=\"font-weight: 400;\">Cole a url nos campos abaixo<\/span><\/li><\/ul><p><img loading=\"lazy\" decoding=\"async\" src=\"https:\/\/digigrow.com.br\/wp-content\/uploads\/2024\/03\/6-1024x539.png\" alt=\"\" width=\"1024\" height=\"539\" \/><\/p><p><img loading=\"lazy\" decoding=\"async\" src=\"https:\/\/digigrow.com.br\/wp-content\/uploads\/2024\/03\/7-1024x538.png\" alt=\"\" width=\"1024\" height=\"538\" \/><\/p><ul><li style=\"font-weight: 400;\" aria-level=\"1\"><span style=\"font-weight: 400;\">Contato do suporte: Email: <\/span><a href=\"mailto:comercial@digigrow.com.br\"><span style=\"font-weight: 400;\">comercial@digigrow.com.br<\/span><\/a><span style=\"font-weight: 400;\"> Tell: 11 4652.3243<\/span><\/li><\/ul><ul><li style=\"font-weight: 400;\" aria-level=\"1\"><span style=\"font-weight: 400;\">Na parte dos escopos adicione conforme a lista abaixo<\/span><\/li><\/ul><p><img loading=\"lazy\" decoding=\"async\" src=\"https:\/\/digigrow.com.br\/wp-content\/uploads\/2024\/03\/Screenshot-2024-03-11-at-11.46.26-1024x527.png\" alt=\"\" width=\"1024\" height=\"527\" \/><img loading=\"lazy\" decoding=\"async\" src=\"https:\/\/digigrow.com.br\/wp-content\/uploads\/2024\/03\/Screenshot-2024-03-11-at-11.46.34-1024x529.png\" alt=\"\" width=\"1024\" height=\"529\" \/><img loading=\"lazy\" decoding=\"async\" src=\"https:\/\/digigrow.com.br\/wp-content\/uploads\/2024\/03\/Screenshot-2024-03-11-at-11.46.47-1024x531.png\" alt=\"\" width=\"1024\" height=\"531\" \/><img loading=\"lazy\" decoding=\"async\" src=\"https:\/\/digigrow.com.br\/wp-content\/uploads\/2024\/03\/Screenshot-2024-03-11-at-11.46.55-1024x528.png\" alt=\"\" width=\"1024\" height=\"528\" \/><img loading=\"lazy\" decoding=\"async\" src=\"https:\/\/digigrow.com.br\/wp-content\/uploads\/2024\/03\/Screenshot-2024-03-11-at-11.47.02-1024x529.png\" alt=\"\" width=\"1024\" height=\"529\" \/><\/p><p><img loading=\"lazy\" decoding=\"async\" src=\"https:\/\/digigrow.com.br\/wp-content\/uploads\/2024\/03\/Screenshot-2024-03-11-at-11.46.16-1024x515.png\" alt=\"\" width=\"1024\" height=\"515\" \/><\/p><ul><li style=\"list-style-type: none;\">\u00a0<\/li><\/ul><ol><li><strong>Categoria de Produtos:<\/strong><ul><li>Exclus\u00e3o de categorias de Produtos;<\/li><li>Gerenciar Categorias de Produtos;<\/li><\/ul><\/li><li><strong>Clientes e Fornecedores:<\/strong><ul><li>Gerencia contatos;<\/li><li>Exclus\u00e3o de contatos;<\/li><\/ul><\/li><li><strong>Controle de Estoque:<\/strong><ul><li>Controle avan\u00e7ado de estoque: Inser\u00e7\u00e3o de Estoque<\/li><li>Controle avan\u00e7ado de estoque: Edi\u00e7\u00e3o e exclus\u00e3o de Estoque<\/li><\/ul><\/li><li><strong>Dep\u00f3sitos de Estoque:<\/strong><ul><li>Inclus\u00e3o e edi\u00e7\u00e3o de dep\u00f3sitos;<\/li><\/ul><\/li><li><strong>Integra\u00e7\u00f5es Log\u00edsticas<\/strong><\/li><li><strong>Integra\u00e7\u00f5es e Lojas Virtuais<\/strong><\/li><li><strong>Nota fiscal de consumidor eletr\u00f4nica (NFC-e)<\/strong><\/li><li><strong>Notas Fiscais:<\/strong><ul><li>Exclus\u00e3o de Notas Fiscais;<\/li><li>Lan\u00e7ar contas em Notas Fiscais;<\/li><li>Lan\u00e7ar estoque em Notas Fiscais;<\/li><li>Emiss\u00e3o de Nota Fiscal Eletr\u00f4nica (NF-e);<\/li><\/ul><\/li><li><strong>Pedidos de Compra:<\/strong><ul><li>Exclus\u00e3o de pedidos de Compra;<\/li><li>Gerenciar Pedidos de Compra;<\/li><li>Gerenciar Situa\u00e7\u00f5es de Pedidos de Compras;<\/li><li>Lan\u00e7ar contas em Pedidos de Compra;<\/li><li>Lan\u00e7ar estoque em Pedidos de Compra;<\/li><\/ul><\/li><li><strong>Pedidos de Venda:<\/strong><ul><li>Exclus\u00e3o de Pedidos de Venda;<\/li><li>Gerenciar Pedidos de Venda;<\/li><li>Gerenciar situa\u00e7\u00f5es dos pedidos de Venda;<\/li><li>Lan\u00e7ar contas em pedidos de venda;<\/li><li>Lan\u00e7ar estoque em pedidos de venda;<\/li><\/ul><\/li><li><strong>Produtos:<\/strong><ul><li>Exclus\u00e3o de produtos;<\/li><li>Gerenciar produtos;<\/li><li>Salvar imagens dos produtos;<\/li><li>Salvar varia\u00e7\u00f5es de Produtos.<\/li><\/ul><\/li><\/ol><div><b>OBS:\u00a0<span style=\"font-size: 17px;\">N\u00c3O USAR A BARRA DE PESQUISA DOS ESCOPOS<\/span><\/b><br \/><span style=\"font-size: 17px;\"><br \/><\/span><\/div><p><img loading=\"lazy\" decoding=\"async\" src=\"https:\/\/digigrow.com.br\/wp-content\/uploads\/2024\/03\/9-1024x540.png\" alt=\"\" width=\"1024\" height=\"540\" \/><\/p><ul><li><span style=\"font-weight: 400;\">O pr\u00f3ximo passo \u00e9 importante para vincular a sua conta Digigrow com a conta Bling<\/span><\/li><\/ul><p><img loading=\"lazy\" decoding=\"async\" src=\"https:\/\/digigrow.com.br\/wp-content\/uploads\/2024\/03\/10-1024x539.png\" alt=\"\" width=\"1024\" height=\"539\" \/><\/p><ul><li><span style=\"font-weight: 400;\">No hub da Digigrow<\/span><\/li><\/ul><p><img loading=\"lazy\" decoding=\"async\" src=\"https:\/\/digigrow.com.br\/wp-content\/uploads\/2024\/03\/11-1024x492.png\" alt=\"\" width=\"1024\" height=\"492\" \/><\/p><ul><li><span style=\"font-weight: 400;\">Certifique-se que todos os campos estejam preenchidos corretamente <\/span><\/li><\/ul><p><img loading=\"lazy\" decoding=\"async\" src=\"https:\/\/digigrow.com.br\/wp-content\/uploads\/2024\/03\/12-1024x490.png\" alt=\"\" width=\"1024\" height=\"490\" \/><\/p><p><img loading=\"lazy\" decoding=\"async\" src=\"https:\/\/digigrow.com.br\/wp-content\/uploads\/2024\/03\/13-1024x539.png\" alt=\"\" width=\"1024\" height=\"539\" \/><\/p><ul><li><span style=\"font-weight: 400;\">Ao entrar nesse link o Bling te redirecionara para uma tela para autorizar a integra\u00e7\u00e3o<\/span><\/li><\/ul><p><img loading=\"lazy\" decoding=\"async\" src=\"https:\/\/digigrow.com.br\/wp-content\/uploads\/2024\/03\/14-1024x539.png\" alt=\"\" width=\"1024\" height=\"539\" \/><\/p><ul><li><span style=\"font-weight: 400;\">E com isso a integra\u00e7\u00e3o est\u00e1 finalizada e dever\u00e1 aparecer a seguinte tela<\/span><\/li><\/ul><p><img loading=\"lazy\" decoding=\"async\" src=\"https:\/\/digigrow.com.br\/wp-content\/uploads\/2024\/03\/16-1024x538.png\" alt=\"\" width=\"1024\" height=\"538\" \/><\/p><ul><li><span style=\"font-weight: 400;\">Caso tenha acontecido algum erro com a integra\u00e7\u00e3o voc\u00ea ser\u00e1 redirecionado para a seguinte p\u00e1gina<\/span><\/li><\/ul><p><img loading=\"lazy\" decoding=\"async\" src=\"https:\/\/digigrow.com.br\/wp-content\/uploads\/2024\/03\/15-1024x539.png\" alt=\"\" width=\"1024\" height=\"539\" \/><\/p>\t\t\t\t\t\t<\/div>\n\t\t\t\t<\/div>\n\t\t\t\t\t<\/div>\n\t\t<\/div>\n\t\t\t\t\t<\/div>\n\t\t<\/section>\n\t\t\t\t<\/div>","protected":false},"excerpt":{"rendered":"<p>Integra\u00e7\u00e3o com Bling Integra\u00e7\u00e3o com o Bling Para integrar, \u00e9 importante seguir o passo a passo abaixo (em v\u00eddeo ou em texto, como preferir). Ap\u00f3s&hellip;<\/p>","protected":false},"author":1,"featured_media":0,"parent":0,"menu_order":0,"comment_status":"closed","ping_status":"closed","template":"","meta":{"footnotes":""},"class_list":["post-3512","page","type-page","status-publish","hentry"],"yoast_head":"<!-- This site is optimized with the Yoast SEO plugin v23.9 - https:\/\/yoast.com\/wordpress\/plugins\/seo\/ -->\n<title>Integra\u00e7\u00e3o com Bling - Digigrow<\/title>\n<meta name=\"description\" content=\"Houston, we have the SOLUTION!.Solu\u00e7\u00e3o em Full Service! Pronto para fazer o seu neg\u00f3cio decolar \ud83d\ude80\" \/>\n<meta name=\"robots\" content=\"index, follow, max-snippet:-1, max-image-preview:large, max-video-preview:-1\" \/>\n<link rel=\"canonical\" href=\"https:\/\/digigrow.com.br\/en\/integracao-bling\/\" \/>\n<meta property=\"og:locale\" content=\"en_US\" \/>\n<meta property=\"og:type\" content=\"article\" \/>\n<meta property=\"og:title\" content=\"Integra\u00e7\u00e3o com Bling - Digigrow\" \/>\n<meta property=\"og:description\" content=\"Houston, we have the SOLUTION!.Solu\u00e7\u00e3o em Full Service! Pronto para fazer o seu neg\u00f3cio decolar \ud83d\ude80\" \/>\n<meta property=\"og:url\" content=\"https:\/\/digigrow.com.br\/en\/integracao-bling\/\" \/>\n<meta property=\"og:site_name\" content=\"Digigrow\" \/>\n<meta property=\"article:publisher\" content=\"https:\/\/www.facebook.com\/digigrow.br\/\" \/>\n<meta property=\"article:modified_time\" content=\"2024-04-15T14:57:37+00:00\" \/>\n<meta property=\"og:image\" content=\"https:\/\/digigrow.com.br\/wp-content\/uploads\/2023\/05\/MicrosoftTeams-image-1024x485.png\" \/>\n<meta name=\"twitter:card\" content=\"summary_large_image\" \/>\n<meta name=\"twitter:label1\" content=\"Est. reading time\" \/>\n\t<meta name=\"twitter:data1\" content=\"7 minutes\" \/>\n<script type=\"application\/ld+json\" class=\"yoast-schema-graph\">{\"@context\":\"https:\/\/schema.org\",\"@graph\":[{\"@type\":\"WebPage\",\"@id\":\"https:\/\/digigrow.com.br\/integracao-bling\/\",\"url\":\"https:\/\/digigrow.com.br\/integracao-bling\/\",\"name\":\"Integra\u00e7\u00e3o com Bling - Digigrow\",\"isPartOf\":{\"@id\":\"https:\/\/digigrow.com.br\/#website\"},\"primaryImageOfPage\":{\"@id\":\"https:\/\/digigrow.com.br\/integracao-bling\/#primaryimage\"},\"image\":{\"@id\":\"https:\/\/digigrow.com.br\/integracao-bling\/#primaryimage\"},\"thumbnailUrl\":\"https:\/\/digigrow.com.br\/wp-content\/uploads\/2023\/05\/MicrosoftTeams-image-1024x485.png\",\"datePublished\":\"2023-05-17T17:26:22+00:00\",\"dateModified\":\"2024-04-15T14:57:37+00:00\",\"description\":\"Houston, we have the SOLUTION!.Solu\u00e7\u00e3o em Full Service! Pronto para fazer o seu neg\u00f3cio decolar \ud83d\ude80\",\"breadcrumb\":{\"@id\":\"https:\/\/digigrow.com.br\/integracao-bling\/#breadcrumb\"},\"inLanguage\":\"en-US\",\"potentialAction\":[{\"@type\":\"ReadAction\",\"target\":[\"https:\/\/digigrow.com.br\/integracao-bling\/\"]}]},{\"@type\":\"ImageObject\",\"inLanguage\":\"en-US\",\"@id\":\"https:\/\/digigrow.com.br\/integracao-bling\/#primaryimage\",\"url\":\"https:\/\/digigrow.com.br\/wp-content\/uploads\/2023\/05\/MicrosoftTeams-image-1024x485.png\",\"contentUrl\":\"https:\/\/digigrow.com.br\/wp-content\/uploads\/2023\/05\/MicrosoftTeams-image-1024x485.png\"},{\"@type\":\"BreadcrumbList\",\"@id\":\"https:\/\/digigrow.com.br\/integracao-bling\/#breadcrumb\",\"itemListElement\":[{\"@type\":\"ListItem\",\"position\":1,\"name\":\"In\u00edcio\",\"item\":\"https:\/\/digigrow.com.br\/\"},{\"@type\":\"ListItem\",\"position\":2,\"name\":\"Integra\u00e7\u00e3o com Bling\"}]},{\"@type\":\"WebSite\",\"@id\":\"https:\/\/digigrow.com.br\/#website\",\"url\":\"https:\/\/digigrow.com.br\/\",\"name\":\"Digigrow\",\"description\":\"Venda mais na internet\",\"publisher\":{\"@id\":\"https:\/\/digigrow.com.br\/#organization\"},\"potentialAction\":[{\"@type\":\"SearchAction\",\"target\":{\"@type\":\"EntryPoint\",\"urlTemplate\":\"https:\/\/digigrow.com.br\/?s={search_term_string}\"},\"query-input\":{\"@type\":\"PropertyValueSpecification\",\"valueRequired\":true,\"valueName\":\"search_term_string\"}}],\"inLanguage\":\"en-US\"},{\"@type\":\"Organization\",\"@id\":\"https:\/\/digigrow.com.br\/#organization\",\"name\":\"Digigrow - Solu\u00e7\u00f5es em Full Ecommerce\",\"url\":\"https:\/\/digigrow.com.br\/\",\"logo\":{\"@type\":\"ImageObject\",\"inLanguage\":\"en-US\",\"@id\":\"https:\/\/digigrow.com.br\/#\/schema\/logo\/image\/\",\"url\":\"https:\/\/i1.wp.com\/digigrow.com.br\/wp-content\/uploads\/2020\/02\/logo.png?fit=1080%2C1080&ssl=1\",\"contentUrl\":\"https:\/\/i1.wp.com\/digigrow.com.br\/wp-content\/uploads\/2020\/02\/logo.png?fit=1080%2C1080&ssl=1\",\"width\":1080,\"height\":1080,\"caption\":\"Digigrow - Solu\u00e7\u00f5es em Full Ecommerce\"},\"image\":{\"@id\":\"https:\/\/digigrow.com.br\/#\/schema\/logo\/image\/\"},\"sameAs\":[\"https:\/\/www.facebook.com\/digigrow.br\/\",\"https:\/\/www.instagram.com\/digigrow.br\/\",\"https:\/\/www.linkedin.com\/company\/digigrowbr\/\"]}]}<\/script>\n<!-- \/ Yoast SEO plugin. -->","yoast_head_json":{"title":"Integra\u00e7\u00e3o com Bling - Digigrow","description":"Houston, we have the SOLUTION!.Solu\u00e7\u00e3o em Full Service! Pronto para fazer o seu neg\u00f3cio decolar \ud83d\ude80","robots":{"index":"index","follow":"follow","max-snippet":"max-snippet:-1","max-image-preview":"max-image-preview:large","max-video-preview":"max-video-preview:-1"},"canonical":"https:\/\/digigrow.com.br\/en\/integracao-bling\/","og_locale":"en_US","og_type":"article","og_title":"Integra\u00e7\u00e3o com Bling - Digigrow","og_description":"Houston, we have the SOLUTION!.Solu\u00e7\u00e3o em Full Service! Pronto para fazer o seu neg\u00f3cio decolar \ud83d\ude80","og_url":"https:\/\/digigrow.com.br\/en\/integracao-bling\/","og_site_name":"Digigrow","article_publisher":"https:\/\/www.facebook.com\/digigrow.br\/","article_modified_time":"2024-04-15T14:57:37+00:00","og_image":[{"url":"https:\/\/digigrow.com.br\/wp-content\/uploads\/2023\/05\/MicrosoftTeams-image-1024x485.png"}],"twitter_card":"summary_large_image","twitter_misc":{"Est. reading time":"7 minutes"},"schema":{"@context":"https:\/\/schema.org","@graph":[{"@type":"WebPage","@id":"https:\/\/digigrow.com.br\/integracao-bling\/","url":"https:\/\/digigrow.com.br\/integracao-bling\/","name":"Integra\u00e7\u00e3o com Bling - Digigrow","isPartOf":{"@id":"https:\/\/digigrow.com.br\/#website"},"primaryImageOfPage":{"@id":"https:\/\/digigrow.com.br\/integracao-bling\/#primaryimage"},"image":{"@id":"https:\/\/digigrow.com.br\/integracao-bling\/#primaryimage"},"thumbnailUrl":"https:\/\/digigrow.com.br\/wp-content\/uploads\/2023\/05\/MicrosoftTeams-image-1024x485.png","datePublished":"2023-05-17T17:26:22+00:00","dateModified":"2024-04-15T14:57:37+00:00","description":"Houston, we have the SOLUTION!.Solu\u00e7\u00e3o em Full Service! Pronto para fazer o seu neg\u00f3cio decolar \ud83d\ude80","breadcrumb":{"@id":"https:\/\/digigrow.com.br\/integracao-bling\/#breadcrumb"},"inLanguage":"en-US","potentialAction":[{"@type":"ReadAction","target":["https:\/\/digigrow.com.br\/integracao-bling\/"]}]},{"@type":"ImageObject","inLanguage":"en-US","@id":"https:\/\/digigrow.com.br\/integracao-bling\/#primaryimage","url":"https:\/\/digigrow.com.br\/wp-content\/uploads\/2023\/05\/MicrosoftTeams-image-1024x485.png","contentUrl":"https:\/\/digigrow.com.br\/wp-content\/uploads\/2023\/05\/MicrosoftTeams-image-1024x485.png"},{"@type":"BreadcrumbList","@id":"https:\/\/digigrow.com.br\/integracao-bling\/#breadcrumb","itemListElement":[{"@type":"ListItem","position":1,"name":"In\u00edcio","item":"https:\/\/digigrow.com.br\/"},{"@type":"ListItem","position":2,"name":"Integra\u00e7\u00e3o com Bling"}]},{"@type":"WebSite","@id":"https:\/\/digigrow.com.br\/#website","url":"https:\/\/digigrow.com.br\/","name":"Digigrow","description":"Venda mais na internet","publisher":{"@id":"https:\/\/digigrow.com.br\/#organization"},"potentialAction":[{"@type":"SearchAction","target":{"@type":"EntryPoint","urlTemplate":"https:\/\/digigrow.com.br\/?s={search_term_string}"},"query-input":{"@type":"PropertyValueSpecification","valueRequired":true,"valueName":"search_term_string"}}],"inLanguage":"en-US"},{"@type":"Organization","@id":"https:\/\/digigrow.com.br\/#organization","name":"Digigrow - Solu\u00e7\u00f5es em Full Ecommerce","url":"https:\/\/digigrow.com.br\/","logo":{"@type":"ImageObject","inLanguage":"en-US","@id":"https:\/\/digigrow.com.br\/#\/schema\/logo\/image\/","url":"https:\/\/i1.wp.com\/digigrow.com.br\/wp-content\/uploads\/2020\/02\/logo.png?fit=1080%2C1080&ssl=1","contentUrl":"https:\/\/i1.wp.com\/digigrow.com.br\/wp-content\/uploads\/2020\/02\/logo.png?fit=1080%2C1080&ssl=1","width":1080,"height":1080,"caption":"Digigrow - Solu\u00e7\u00f5es em Full Ecommerce"},"image":{"@id":"https:\/\/digigrow.com.br\/#\/schema\/logo\/image\/"},"sameAs":["https:\/\/www.facebook.com\/digigrow.br\/","https:\/\/www.instagram.com\/digigrow.br\/","https:\/\/www.linkedin.com\/company\/digigrowbr\/"]}]}},"_links":{"self":[{"href":"https:\/\/digigrow.com.br\/en\/wp-json\/wp\/v2\/pages\/3512","targetHints":{"allow":["GET"]}}],"collection":[{"href":"https:\/\/digigrow.com.br\/en\/wp-json\/wp\/v2\/pages"}],"about":[{"href":"https:\/\/digigrow.com.br\/en\/wp-json\/wp\/v2\/types\/page"}],"author":[{"embeddable":true,"href":"https:\/\/digigrow.com.br\/en\/wp-json\/wp\/v2\/users\/1"}],"replies":[{"embeddable":true,"href":"https:\/\/digigrow.com.br\/en\/wp-json\/wp\/v2\/comments?post=3512"}],"version-history":[{"count":40,"href":"https:\/\/digigrow.com.br\/en\/wp-json\/wp\/v2\/pages\/3512\/revisions"}],"predecessor-version":[{"id":4490,"href":"https:\/\/digigrow.com.br\/en\/wp-json\/wp\/v2\/pages\/3512\/revisions\/4490"}],"wp:attachment":[{"href":"https:\/\/digigrow.com.br\/en\/wp-json\/wp\/v2\/media?parent=3512"}],"curies":[{"name":"wp","href":"https:\/\/api.w.org\/{rel}","templated":true}]}}